{"id":3,"date":"2024-09-04T02:24:57","date_gmt":"2024-09-04T02:24:57","guid":{"rendered":"https:\/\/fiolinjurylaw.wpenginepowered.com\/?page_id=3"},"modified":"2026-03-03T11:59:42","modified_gmt":"2026-03-03T16:59:42","slug":"privacy-policy","status":"publish","type":"page","link":"https:\/\/www.fiolinjurylaw.com\/es\/privacy-policy\/","title":{"rendered":"Pol\u00edticas de privacidad"},"content":{"rendered":"<p>Esta pol\u00edtica de privacidad se aplica a la informaci\u00f3n recopilada en l\u00ednea de los usuarios de este sitio web. En esta pol\u00edtica, podr\u00e1 conocer qu\u00e9 tipo de informaci\u00f3n recopilamos, cu\u00e1ndo y c\u00f3mo podr\u00edamos usarla, c\u00f3mo la protegemos y las opciones que tiene con respecto a su informaci\u00f3n personal.<\/p>\n\n\n\n<div id=\"ez-toc-container\" class=\"ez-toc-v2_0_82_2 counter-hierarchy ez-toc-counter ez-toc-grey ez-toc-container-direction\">\n<div class=\"ez-toc-title-container\">\n<p class=\"ez-toc-title\" style=\"cursor:inherit\">Tabla de contenidos<\/p>\n<span class=\"ez-toc-title-toggle\"><a href=\"#\" class=\"ez-toc-pull-right ez-toc-btn ez-toc-btn-xs ez-toc-btn-default ez-toc-toggle\" aria-label=\"Alternar tabla de contenido\"><span class=\"ez-toc-js-icon-con\"><span class=\"\"><span class=\"eztoc-hide\" style=\"display:none;\">Palanca<\/span><span class=\"ez-toc-icon-toggle-span\"><svg style=\"fill: #999;color:#999\" xmlns=\"http:\/\/www.w3.org\/2000\/svg\" class=\"list-377408\" width=\"20px\" height=\"20px\" viewbox=\"0 0 24 24\" fill=\"none\"><path d=\"M6 6H4v2h2V6zm14 0H8v2h12V6zM4 11h2v2H4v-2zm16 0H8v2h12v-2zM4 16h2v2H4v-2zm16 0H8v2h12v-2z\" fill=\"currentColor\"><\/path><\/svg><svg style=\"fill: #999;color:#999\" class=\"arrow-unsorted-368013\" xmlns=\"http:\/\/www.w3.org\/2000\/svg\" width=\"10px\" height=\"10px\" viewbox=\"0 0 24 24\" version=\"1.2\" baseprofile=\"tiny\"><path d=\"M18.2 9.3l-6.2-6.3-6.2 6.3c-.2.2-.3.4-.3.7s.1.5.3.7c.2.2.4.3.7.3h11c.3 0 .5-.1.7-.3.2-.2.3-.5.3-.7s-.1-.5-.3-.7zM5.8 14.7l6.2 6.3 6.2-6.3c.2-.2.3-.5.3-.7s-.1-.5-.3-.7c-.2-.2-.4-.3-.7-.3h-11c-.3 0-.5.1-.7.3-.2.2-.3.5-.3.7s.1.5.3.7z\"\/><\/svg><\/span><\/span><\/span><\/a><\/span><\/div>\n<nav><ul class='ez-toc-list ez-toc-list-level-1 eztoc-toggle-hide-by-default' ><li class='ez-toc-page-1 ez-toc-heading-level-2'><a class=\"ez-toc-link ez-toc-heading-1\" href=\"https:\/\/www.fiolinjurylaw.com\/es\/privacy-policy\/#What_personal_information_is_collected_through_this_website_and_how_is_it_used\" >\u00bfQu\u00e9 informaci\u00f3n personal se recopila a trav\u00e9s de este sitio web y c\u00f3mo se utiliza?<\/a><\/li><li class='ez-toc-page-1 ez-toc-heading-level-2'><a class=\"ez-toc-link ez-toc-heading-2\" href=\"https:\/\/www.fiolinjurylaw.com\/es\/privacy-policy\/#How_is_personal_information_protected\" >\u00bfC\u00f3mo se protege la informaci\u00f3n personal?<\/a><\/li><li class='ez-toc-page-1 ez-toc-heading-level-2'><a class=\"ez-toc-link ez-toc-heading-3\" href=\"https:\/\/www.fiolinjurylaw.com\/es\/privacy-policy\/#Who_has_access_to_the_information\" >\u00bfQui\u00e9n tiene acceso a la informaci\u00f3n?<\/a><\/li><li class='ez-toc-page-1 ez-toc-heading-level-2'><a class=\"ez-toc-link ez-toc-heading-4\" href=\"https:\/\/www.fiolinjurylaw.com\/es\/privacy-policy\/#How_can_I_correct_amend_or_delete_my_personal_information_andor_opt_out_of_future_communications\" >\u00bfC\u00f3mo puedo corregir, modificar o eliminar mi informaci\u00f3n personal y\/o darme de baja de futuras comunicaciones?<\/a><\/li><\/ul><\/nav><\/div>\n<h2 class=\"wp-block-heading\"><span class=\"ez-toc-section\" id=\"What_personal_information_is_collected_through_this_website_and_how_is_it_used\"><\/span>\u00bfQu\u00e9 informaci\u00f3n personal se recopila a trav\u00e9s de este sitio web y c\u00f3mo se utiliza?<span class=\"ez-toc-section-end\"><\/span><\/h2>\n\n\n\n<p>Recopilamos informaci\u00f3n sobre nuestros usuarios de tres maneras: directamente del usuario, a trav\u00e9s de los registros de nuestro servidor web y mediante cookies. Utilizamos esta informaci\u00f3n principalmente para ofrecerle una experiencia de internet personalizada que le brinde la informaci\u00f3n, los recursos y los servicios m\u00e1s relevantes y \u00fatiles. No compartimos la informaci\u00f3n que usted nos proporciona con terceros, a menos que as\u00ed se indique en esta Pol\u00edtica de Privacidad o cuando, de buena fe, consideremos que la ley lo exige.<\/p>\n\n\n\n<p><strong>Informaci\u00f3n proporcionada por el usuario<\/strong>Si completa el formulario de contacto en este sitio web, le solicitaremos informaci\u00f3n personal (como su direcci\u00f3n de correo electr\u00f3nico, nombre, n\u00famero de tel\u00e9fono y estado). Solo es necesario que proporcione su direcci\u00f3n de correo electr\u00f3nico en dicho formulario. Adem\u00e1s, si el chat est\u00e1 disponible en este sitio, es posible que se le solicite informaci\u00f3n al participar en una conversaci\u00f3n en l\u00ednea. No env\u00ede informaci\u00f3n personal confidencial, de propiedad exclusiva o sensible (por ejemplo, n\u00famero de la Seguridad Social, fecha de nacimiento, n\u00famero de licencia de conducir o informaci\u00f3n de tarjeta de cr\u00e9dito, cuenta bancaria u otra informaci\u00f3n financiera) (en adelante, &quot;Informaci\u00f3n Sensible&quot;). Si env\u00eda Informaci\u00f3n Sensible, lo hace bajo su propia responsabilidad y no nos haremos responsables de las consecuencias derivadas de dicho env\u00edo.<\/p>\n\n\n\n<p>La informaci\u00f3n que nos proporcione a trav\u00e9s del formulario de contacto o del chat en l\u00ednea se utilizar\u00e1 para responder a su consulta. Tambi\u00e9n podremos utilizarla para comunicarnos con usted en el futuro. Si no desea recibir dichas comunicaciones, puede darse de baja siguiendo las instrucciones que se indican a continuaci\u00f3n.<\/p>\n\n\n\n<p><strong>Registros del servidor web<\/strong>Cuando usted visita nuestro sitio web, podemos rastrear informaci\u00f3n sobre su visita y almacenarla en los registros del servidor web, que son registros de las actividades en nuestros sitios. Los servidores capturan y guardan autom\u00e1ticamente la informaci\u00f3n electr\u00f3nicamente. Algunos ejemplos de la informaci\u00f3n que podemos recopilar incluyen:<\/p>\n\n\n\n<ul class=\"wp-block-list\">\n<li>su direcci\u00f3n \u00fanica de protocolo de Internet;<\/li>\n\n\n\n<li>el nombre de su proveedor de servicios de Internet \u00fanico;<\/li>\n\n\n\n<li>la ciudad, el condado\/estado y el pa\u00eds desde donde accede a nuestro sitio web;<\/li>\n\n\n\n<li>el tipo de navegador o computadora que utiliza;<\/li>\n\n\n\n<li>el n\u00famero de enlaces en los que haces clic dentro del sitio;<\/li>\n\n\n\n<li>la fecha y hora de su visita;<\/li>\n\n\n\n<li>la p\u00e1gina web desde la que accedi\u00f3 a nuestro sitio;<\/li>\n\n\n\n<li>las p\u00e1ginas que ha visto en el sitio; y<\/li>\n\n\n\n<li>determinadas b\u00fasquedas\/consultas que usted realiz\u00f3 a trav\u00e9s de nuestro(s) sitio(s) web.<\/li>\n<\/ul>\n\n\n\n<p>La informaci\u00f3n que recopilamos en los registros del servidor web nos ayuda a administrar el sitio, analizar su uso, proteger el sitio web y su contenido del uso inapropiado y mejorar la experiencia del usuario.<\/p>\n\n\n\n<p><strong>Cookies:<\/strong> Para ofrecerle un servicio personalizado, nuestros sitios web y aplicaciones pueden utilizar cookies y tecnolog\u00edas similares para almacenar y rastrear informaci\u00f3n sobre usted. Las cookies son peque\u00f1os archivos de datos que se env\u00edan a su navegador desde un servidor web y se almacenan en el disco duro de su ordenador. Utilizamos cookies para recordar qui\u00e9n es usted y para facilitarle la navegaci\u00f3n por nuestros sitios durante sus visitas. Las cookies tambi\u00e9n nos permiten saber qu\u00e9 p\u00e1ginas visitan los usuarios y guardar sus preferencias para que no tenga que volver a introducirlas cada vez que nos visite. El uso de cookies es bastante com\u00fan. La mayor\u00eda de los navegadores de Internet est\u00e1n configurados inicialmente para aceptar cookies, pero usted puede configurar su navegador para que le notifique cuando reciba una cookie o para desactivarlas.<\/p>\n\n\n\n<p>Si desea deshabilitar las cookies de este sitio, puede hacerlo a trav\u00e9s de su navegador. Tenga en cuenta que algunas funciones de muchos sitios pueden no funcionar correctamente si no acepta las cookies. Para obtener m\u00e1s informaci\u00f3n sobre c\u00f3mo usar su navegador para administrar las cookies, consulte <a href=\"https:\/\/www.allaboutcookies.org\/manage-cookies\/\" target=\"_blank\" rel=\"noreferrer noopener\">Todo sobre las cookies<\/a>. Tambi\u00e9n puede rechazar las cookies de Flash de este sitio web utilizando las herramientas de administraci\u00f3n de Flash de Adobe. Puede optar por no participar en el uso de cookies de Google visitando <a href=\"https:\/\/adssettings.google.com\/authenticated\" target=\"_blank\" rel=\"noreferrer noopener\">Configuraci\u00f3n de anuncios de Google<\/a>.<\/p>\n\n\n\n<p>Al visitar este sitio web, usted acepta el uso de cookies y tecnolog\u00edas similares de acuerdo con esta Declaraci\u00f3n de Privacidad.<\/p>\n\n\n\n<p><strong>Servicios de terceros:<\/strong> Podemos utilizar servicios de terceros, como Adobe Site Catalyst, para facilitar la prestaci\u00f3n de nuestros servicios y comprender mejor c\u00f3mo los visitantes utilizan nuestro sitio web. Estos servicios pueden recopilar informaci\u00f3n enviada por su navegador al acceder a una p\u00e1gina web, como su direcci\u00f3n IP o cookies. Si estos servicios de terceros recopilan informaci\u00f3n, lo hacen de forma an\u00f3nima y agregada para proporcionarnos datos \u00fatiles, como tendencias de uso del sitio web, sin identificar a los visitantes individualmente.<\/p>\n\n\n\n<p>Adem\u00e1s, podemos utilizar servicios de terceros para mostrarle contenido, productos, servicios y publicidad relevantes. Estos terceros pueden usar cookies, balizas web y tecnolog\u00edas similares para recopilar o recibir informaci\u00f3n de este sitio web y de otros sitios en internet. Posteriormente, pueden usar esa informaci\u00f3n para proporcionar servicios de medici\u00f3n que nos permitan comprender sus intereses y ofrecerle anuncios personalizados basados en sus visitas anteriores a este sitio web. Tenga en cuenta que no compartimos su informaci\u00f3n personal con ning\u00fan anunciante, servidor de anuncios ni red publicitaria de terceros.<\/p>\n\n\n\n<p>Es posible que pueda optar por no participar en la recopilaci\u00f3n y el uso de informaci\u00f3n para la segmentaci\u00f3n de anuncios por parte de algunos terceros visitando <a href=\"https:\/\/optout.aboutads.info\/\">optout.aboutads.info<\/a>. Puedes optar por no permitir que Google utilice cookies visitando <a href=\"https:\/\/adssettings.google.com\/authenticated\" target=\"_blank\" rel=\"noreferrer noopener\">Configuraci\u00f3n de anuncios de Google<\/a>. Puedes visitar esto <a href=\"http:\/\/optout.networkadvertising.org\/?c=1\" target=\"_blank\" rel=\"noreferrer noopener\">p\u00e1gina<\/a> Para desactivar la publicidad personalizada de AdRoll y sus socios, consulte la secci\u00f3n &quot;Cookies&quot; anterior para obtener m\u00e1s informaci\u00f3n sobre c\u00f3mo controlar el uso de cookies en su ordenador.<\/p>\n\n\n\n<p><strong>California: No rastrear:<\/strong> Nuestros servicios web no se modifican ni responden a las solicitudes o se\u00f1ales de No rastrear (DNT) recibidas en los navegadores. Como se describe con m\u00e1s detalle anteriormente, rastreamos la actividad del usuario mediante registros del servidor web, cookies y tecnolog\u00edas similares. La informaci\u00f3n recopilada en los registros del servidor web nos ayuda a analizar el uso del sitio web y a mejorar la experiencia del usuario. Las cookies nos permiten ofrecerle una experiencia personalizada y mostrarle publicidad relevante.<\/p>\n\n\n\n<h2 class=\"wp-block-heading\"><span class=\"ez-toc-section\" id=\"How_is_personal_information_protected\"><\/span>\u00bfC\u00f3mo se protege la informaci\u00f3n personal?<span class=\"ez-toc-section-end\"><\/span><\/h2>\n\n\n\n<p>Adoptamos las medidas de seguridad adecuadas para proteger su informaci\u00f3n personal contra p\u00e9rdidas accidentales y contra el acceso, uso o divulgaci\u00f3n no autorizados. Sin embargo, no podemos garantizar que personas no autorizadas no puedan burlar nuestras medidas de seguridad.<\/p>\n\n\n\n<h2 class=\"wp-block-heading\"><span class=\"ez-toc-section\" id=\"Who_has_access_to_the_information\"><\/span>\u00bfQui\u00e9n tiene acceso a la informaci\u00f3n?<span class=\"ez-toc-section-end\"><\/span><\/h2>\n\n\n\n<p>No venderemos, alquilaremos ni cederemos listas de correo ni otros datos de usuarios a terceros, y no pondremos su informaci\u00f3n personal a disposici\u00f3n de ninguna parte no afiliada, excepto en los siguientes casos:<\/p>\n\n\n\n<ul class=\"wp-block-list\">\n<li>a agentes, proveedores de sitios web y\/o contratistas que puedan utilizarlo en nuestro nombre o en relaci\u00f3n con su relaci\u00f3n con nosotros;<\/li>\n\n\n\n<li>Si no podemos ayudarle con su asunto, pero conocemos a un abogado o bufete independiente que pueda ayudarle, podemos remitirle a dicha parte y compartir la informaci\u00f3n que nos haya proporcionado; y<\/li>\n\n\n\n<li>seg\u00fan lo exija la ley, en un asunto de seguridad o pol\u00edtica p\u00fablica, seg\u00fan sea necesario en relaci\u00f3n con la transferencia de nuestros activos comerciales (por ejemplo, si somos adquiridos por otra empresa o si somos liquidados durante un procedimiento de quiebra), o si creemos de buena fe que compartir los datos es necesario para proteger nuestros derechos o propiedad.<\/li>\n<\/ul>\n\n\n\n<h2 class=\"wp-block-heading\"><span class=\"ez-toc-section\" id=\"How_can_I_correct_amend_or_delete_my_personal_information_andor_opt_out_of_future_communications\"><\/span>\u00bfC\u00f3mo puedo corregir, modificar o eliminar mi informaci\u00f3n personal y\/o darme de baja de futuras comunicaciones?<span class=\"ez-toc-section-end\"><\/span><\/h2>\n\n\n\n<p>Puede optar por no recibir comunicaciones futuras de nuestra parte en cualquier momento. Cont\u00e1ctenos a trav\u00e9s del n\u00famero de tel\u00e9fono, el formulario de contacto o la direcci\u00f3n postal que encontrar\u00e1 en nuestro sitio web para:<\/p>\n\n\n\n<ul class=\"wp-block-list\">\n<li>ver qu\u00e9 datos tenemos sobre usted, si los hay;<\/li>\n\n\n\n<li>cambiar\/corregir cualquier dato que tengamos sobre usted;<\/li>\n\n\n\n<li>solicitarnos que eliminemos cualquier dato que tengamos sobre usted; y\/o<\/li>\n\n\n\n<li>Puede optar por no recibir futuras comunicaciones nuestras.<\/li>\n<\/ul>\n\n\n\n<p>Si tiene alguna pregunta o inquietud adicional sobre esta pol\u00edtica de privacidad, cont\u00e1ctenos a trav\u00e9s del n\u00famero de tel\u00e9fono, el formulario de contacto o la direcci\u00f3n postal que aparecen en este sitio web. Si nuestras pr\u00e1cticas de manejo de informaci\u00f3n cambian de manera significativa, publicaremos los cambios en esta pol\u00edtica.<\/p>\n\n\n\n<p>Vigente a partir del 14 de septiembre de 2015.<\/p>","protected":false},"excerpt":{"rendered":"<p>This privacy policy applies to information collected online from users of this website. In this policy, you can learn what kind of information we collect, when and how we might use that information, how we protect the information, and the choices you have with respect to your personal information. What personal information is collected through [&hellip;]<\/p>\n","protected":false},"author":5,"featured_media":0,"parent":0,"menu_order":0,"comment_status":"closed","ping_status":"open","template":"","meta":{"_acf_changed":false,"inline_featured_image":false,"footnotes":""},"categories":[],"tags":[],"class_list":["post-3","page","type-page","status-publish","hentry"],"acf":[],"yoast_head":"<!-- This site is optimized with the Yoast SEO plugin v27.4 - https:\/\/yoast.com\/product\/yoast-seo-wordpress\/ -->\n<title>Privacy Policy<\/title>\n<meta name=\"description\" content=\"This privacy policy applies to information collected online from users of this website. In this policy, you can learn what kind of information we collect,\" \/>\n<meta name=\"robots\" content=\"index, follow, max-snippet:-1, max-image-preview:large, max-video-preview:-1\" \/>\n<link rel=\"canonical\" href=\"https:\/\/www.fiolinjurylaw.com\/es\/privacy-policy\/\" \/>\n<meta property=\"og:locale\" content=\"es_ES\" \/>\n<meta property=\"og:type\" content=\"article\" \/>\n<meta property=\"og:title\" content=\"Privacy Policy\" \/>\n<meta property=\"og:description\" content=\"This privacy policy applies to information collected online from users of this website. In this policy, you can learn what kind of information we collect,\" \/>\n<meta property=\"og:url\" content=\"https:\/\/www.fiolinjurylaw.com\/es\/privacy-policy\/\" \/>\n<meta property=\"og:site_name\" content=\"Fiol &amp; Morros Law Group: Accident &amp; Injury Lawyers\" \/>\n<meta property=\"article:modified_time\" content=\"2026-03-03T16:59:42+00:00\" \/>\n<meta name=\"twitter:card\" content=\"summary_large_image\" \/>\n<meta name=\"twitter:label1\" content=\"Est. reading time\" \/>\n\t<meta name=\"twitter:data1\" content=\"6 minutos\" \/>\n<script type=\"application\/ld+json\" class=\"yoast-schema-graph\">{\"@context\":\"https:\\\/\\\/schema.org\",\"@graph\":[{\"@type\":\"WebPage\",\"@id\":\"https:\\\/\\\/www.fiolinjurylaw.com\\\/privacy-policy\\\/\",\"url\":\"https:\\\/\\\/www.fiolinjurylaw.com\\\/privacy-policy\\\/\",\"name\":\"Privacy Policy\",\"isPartOf\":{\"@id\":\"https:\\\/\\\/www.fiolinjurylaw.com\\\/#website\"},\"datePublished\":\"2024-09-04T02:24:57+00:00\",\"dateModified\":\"2026-03-03T16:59:42+00:00\",\"description\":\"This privacy policy applies to information collected online from users of this website. In this policy, you can learn what kind of information we collect,\",\"breadcrumb\":{\"@id\":\"https:\\\/\\\/www.fiolinjurylaw.com\\\/privacy-policy\\\/#breadcrumb\"},\"inLanguage\":\"es\",\"potentialAction\":[{\"@type\":\"ReadAction\",\"target\":[\"https:\\\/\\\/www.fiolinjurylaw.com\\\/privacy-policy\\\/\"]}]},{\"@type\":\"BreadcrumbList\",\"@id\":\"https:\\\/\\\/www.fiolinjurylaw.com\\\/privacy-policy\\\/#breadcrumb\",\"itemListElement\":[{\"@type\":\"ListItem\",\"position\":1,\"name\":\"Home\",\"item\":\"https:\\\/\\\/www.fiolinjurylaw.com\\\/\"},{\"@type\":\"ListItem\",\"position\":2,\"name\":\"Privacy Policy\"}]},{\"@type\":\"WebSite\",\"@id\":\"https:\\\/\\\/www.fiolinjurylaw.com\\\/#website\",\"url\":\"https:\\\/\\\/www.fiolinjurylaw.com\\\/\",\"name\":\"Fiol &amp; Morros Law Group: Accident &amp; Injury Lawyers\",\"description\":\"\",\"potentialAction\":[{\"@type\":\"SearchAction\",\"target\":{\"@type\":\"EntryPoint\",\"urlTemplate\":\"https:\\\/\\\/www.fiolinjurylaw.com\\\/?s={search_term_string}\"},\"query-input\":{\"@type\":\"PropertyValueSpecification\",\"valueRequired\":true,\"valueName\":\"search_term_string\"}}],\"inLanguage\":\"es\"}]}<\/script>\n<!-- \/ Yoast SEO plugin. -->","yoast_head_json":{"title":"Pol\u00edticas de privacidad","description":"Esta pol\u00edtica de privacidad se aplica a la informaci\u00f3n recopilada en l\u00ednea de los usuarios de este sitio web. En esta pol\u00edtica, puede conocer qu\u00e9 tipo de informaci\u00f3n recopilamos,","robots":{"index":"index","follow":"follow","max-snippet":"max-snippet:-1","max-image-preview":"max-image-preview:large","max-video-preview":"max-video-preview:-1"},"canonical":"https:\/\/www.fiolinjurylaw.com\/es\/privacy-policy\/","og_locale":"es_ES","og_type":"article","og_title":"Privacy Policy","og_description":"This privacy policy applies to information collected online from users of this website. In this policy, you can learn what kind of information we collect,","og_url":"https:\/\/www.fiolinjurylaw.com\/es\/privacy-policy\/","og_site_name":"Fiol &amp; Morros Law Group: Accident &amp; Injury Lawyers","article_modified_time":"2026-03-03T16:59:42+00:00","twitter_card":"summary_large_image","twitter_misc":{"Est. reading time":"6 minutos"},"schema":{"@context":"https:\/\/schema.org","@graph":[{"@type":"WebPage","@id":"https:\/\/www.fiolinjurylaw.com\/privacy-policy\/","url":"https:\/\/www.fiolinjurylaw.com\/privacy-policy\/","name":"Pol\u00edticas de privacidad","isPartOf":{"@id":"https:\/\/www.fiolinjurylaw.com\/#website"},"datePublished":"2024-09-04T02:24:57+00:00","dateModified":"2026-03-03T16:59:42+00:00","description":"Esta pol\u00edtica de privacidad se aplica a la informaci\u00f3n recopilada en l\u00ednea de los usuarios de este sitio web. En esta pol\u00edtica, puede conocer qu\u00e9 tipo de informaci\u00f3n recopilamos,","breadcrumb":{"@id":"https:\/\/www.fiolinjurylaw.com\/privacy-policy\/#breadcrumb"},"inLanguage":"es","potentialAction":[{"@type":"ReadAction","target":["https:\/\/www.fiolinjurylaw.com\/privacy-policy\/"]}]},{"@type":"BreadcrumbList","@id":"https:\/\/www.fiolinjurylaw.com\/privacy-policy\/#breadcrumb","itemListElement":[{"@type":"ListItem","position":1,"name":"Home","item":"https:\/\/www.fiolinjurylaw.com\/"},{"@type":"ListItem","position":2,"name":"Privacy Policy"}]},{"@type":"WebSite","@id":"https:\/\/www.fiolinjurylaw.com\/#website","url":"https:\/\/www.fiolinjurylaw.com\/","name":"Bufete Fiol &amp; Morros: Abogados especializados en accidentes y lesiones","description":"","potentialAction":[{"@type":"SearchAction","target":{"@type":"EntryPoint","urlTemplate":"https:\/\/www.fiolinjurylaw.com\/?s={search_term_string}"},"query-input":{"@type":"PropertyValueSpecification","valueRequired":true,"valueName":"search_term_string"}}],"inLanguage":"es"}]}},"_links":{"self":[{"href":"https:\/\/www.fiolinjurylaw.com\/es\/wp-json\/wp\/v2\/pages\/3","targetHints":{"allow":["GET"]}}],"collection":[{"href":"https:\/\/www.fiolinjurylaw.com\/es\/wp-json\/wp\/v2\/pages"}],"about":[{"href":"https:\/\/www.fiolinjurylaw.com\/es\/wp-json\/wp\/v2\/types\/page"}],"author":[{"embeddable":true,"href":"https:\/\/www.fiolinjurylaw.com\/es\/wp-json\/wp\/v2\/users\/5"}],"replies":[{"embeddable":true,"href":"https:\/\/www.fiolinjurylaw.com\/es\/wp-json\/wp\/v2\/comments?post=3"}],"version-history":[{"count":0,"href":"https:\/\/www.fiolinjurylaw.com\/es\/wp-json\/wp\/v2\/pages\/3\/revisions"}],"wp:attachment":[{"href":"https:\/\/www.fiolinjurylaw.com\/es\/wp-json\/wp\/v2\/media?parent=3"}],"wp:term":[{"taxonomy":"category","embeddable":true,"href":"https:\/\/www.fiolinjurylaw.com\/es\/wp-json\/wp\/v2\/categories?post=3"},{"taxonomy":"post_tag","embeddable":true,"href":"https:\/\/www.fiolinjurylaw.com\/es\/wp-json\/wp\/v2\/tags?post=3"}],"curies":[{"name":"wp","href":"https:\/\/api.w.org\/{rel}","templated":true}]}}