{"id":345,"date":"2025-07-19T02:21:27","date_gmt":"2025-07-19T02:21:27","guid":{"rendered":"https:\/\/fiolinjurylaw.wpenginepowered.com\/?page_id=345"},"modified":"2025-11-26T01:00:48","modified_gmt":"2025-11-26T01:00:48","slug":"faq","status":"publish","type":"page","link":"https:\/\/www.fiolinjurylaw.com\/es\/faq\/","title":{"rendered":"PREGUNTAS FRECUENTES"},"content":{"rendered":"<div id=\"ez-toc-container\" class=\"ez-toc-v2_0_82_2 counter-hierarchy ez-toc-counter ez-toc-grey ez-toc-container-direction\">\n<div class=\"ez-toc-title-container\">\n<p class=\"ez-toc-title\" style=\"cursor:inherit\">Tabla de contenidos<\/p>\n<span class=\"ez-toc-title-toggle\"><a href=\"#\" class=\"ez-toc-pull-right ez-toc-btn ez-toc-btn-xs ez-toc-btn-default ez-toc-toggle\" aria-label=\"Alternar tabla de contenido\"><span class=\"ez-toc-js-icon-con\"><span class=\"\"><span class=\"eztoc-hide\" style=\"display:none;\">Palanca<\/span><span class=\"ez-toc-icon-toggle-span\"><svg style=\"fill: #999;color:#999\" xmlns=\"http:\/\/www.w3.org\/2000\/svg\" class=\"list-377408\" width=\"20px\" height=\"20px\" viewbox=\"0 0 24 24\" fill=\"none\"><path d=\"M6 6H4v2h2V6zm14 0H8v2h12V6zM4 11h2v2H4v-2zm16 0H8v2h12v-2zM4 16h2v2H4v-2zm16 0H8v2h12v-2z\" fill=\"currentColor\"><\/path><\/svg><svg style=\"fill: #999;color:#999\" class=\"arrow-unsorted-368013\" xmlns=\"http:\/\/www.w3.org\/2000\/svg\" width=\"10px\" height=\"10px\" viewbox=\"0 0 24 24\" version=\"1.2\" baseprofile=\"tiny\"><path d=\"M18.2 9.3l-6.2-6.3-6.2 6.3c-.2.2-.3.4-.3.7s.1.5.3.7c.2.2.4.3.7.3h11c.3 0 .5-.1.7-.3.2-.2.3-.5.3-.7s-.1-.5-.3-.7zM5.8 14.7l6.2 6.3 6.2-6.3c.2-.2.3-.5.3-.7s-.1-.5-.3-.7c-.2-.2-.4-.3-.7-.3h-11c-.3 0-.5.1-.7.3-.2.2-.3.5-.3.7s.1.5.3.7z\"\/><\/svg><\/span><\/span><\/span><\/a><\/span><\/div>\n<nav><ul class='ez-toc-list ez-toc-list-level-1 eztoc-toggle-hide-by-default' ><li class='ez-toc-page-1 ez-toc-heading-level-2'><a class=\"ez-toc-link ez-toc-heading-1\" href=\"https:\/\/www.fiolinjurylaw.com\/es\/faq\/#What_should_I_do_immediately_after_an_accident_in_Tampa\" >\u00bfQu\u00e9 debo hacer inmediatamente despu\u00e9s de un accidente en Tampa?<\/a><\/li><li class='ez-toc-page-1 ez-toc-heading-level-2'><a class=\"ez-toc-link ez-toc-heading-2\" href=\"https:\/\/www.fiolinjurylaw.com\/es\/faq\/#How_long_do_I_have_to_file_a_personal_injury_claim_in_Tampa\" >\u00bfCu\u00e1nto tiempo tengo para presentar una demanda por lesiones personales en Tampa?<\/a><\/li><li class='ez-toc-page-1 ez-toc-heading-level-2'><a class=\"ez-toc-link ez-toc-heading-3\" href=\"https:\/\/www.fiolinjurylaw.com\/es\/faq\/#How_much_does_it_cost_to_hire_a_personal_injury_lawyer_in_Tampa\" >\u00bfCu\u00e1nto cuesta contratar a un abogado de lesiones personales en Tampa?<\/a><\/li><li class='ez-toc-page-1 ez-toc-heading-level-2'><a class=\"ez-toc-link ez-toc-heading-4\" href=\"https:\/\/www.fiolinjurylaw.com\/es\/faq\/#What_forms_of_compensation_am_I_eligible_to_receive_for_a_personal_injury\" >\u00bfQu\u00e9 formas de compensaci\u00f3n puedo ser elegible para recibir por una lesi\u00f3n personal?<\/a><\/li><li class='ez-toc-page-1 ez-toc-heading-level-2'><a class=\"ez-toc-link ez-toc-heading-5\" href=\"https:\/\/www.fiolinjurylaw.com\/es\/faq\/#How_long_will_it_take_to_resolve_my_personal_injury_case_in_Tampa\" >\u00bfCu\u00e1nto tiempo tomar\u00e1 resolver mi caso de lesiones personales en Tampa?<\/a><\/li><li class='ez-toc-page-1 ez-toc-heading-level-2'><a class=\"ez-toc-link ez-toc-heading-6\" href=\"https:\/\/www.fiolinjurylaw.com\/es\/faq\/#What_happens_if_I_am_unable_to_work_due_to_my_injury\" >\u00bfQu\u00e9 sucede si no puedo trabajar debido a mi lesi\u00f3n?<\/a><\/li><\/ul><\/nav><\/div>\n<h2 class=\"wp-block-heading\"><span class=\"ez-toc-section\" id=\"What_should_I_do_immediately_after_an_accident_in_Tampa\"><\/span>\u00bfQu\u00e9 debo hacer inmediatamente despu\u00e9s de un accidente en Tampa?<span class=\"ez-toc-section-end\"><\/span><\/h2>\n\n\n\n<p>Busque tratamiento m\u00e9dico primero. Luego, documente la escena del accidente, tome fotograf\u00edas y obtenga la informaci\u00f3n de contacto de los testigos. Llame a un abogado de lesiones personales lo antes posible para comenzar a proteger sus derechos.<\/p>\n\n\n\n<h2 class=\"wp-block-heading\"><span class=\"ez-toc-section\" id=\"How_long_do_I_have_to_file_a_personal_injury_claim_in_Tampa\"><\/span>\u00bfCu\u00e1nto tiempo tengo para presentar una demanda por lesiones personales en Tampa?<span class=\"ez-toc-section-end\"><\/span><\/h2>\n\n\n\n<p>Seg\u00fan el Estatuto de Limitaciones de Florida, generalmente usted tiene dos a\u00f1os. Por eso es esencial actuar con prontitud y consultar a un abogado de inmediato, ya sea que se trate de accidentes automovil\u00edsticos, casos de mordeduras de perro o accidentes de bicicleta.<\/p>\n\n\n\n<h2 class=\"wp-block-heading\"><span class=\"ez-toc-section\" id=\"How_much_does_it_cost_to_hire_a_personal_injury_lawyer_in_Tampa\"><\/span>\u00bfCu\u00e1nto cuesta contratar a un abogado de lesiones personales en Tampa?<span class=\"ez-toc-section-end\"><\/span><\/h2>\n\n\n\n<p>Trabajamos bajo una base de contingencia. Eso significa que no hay cargos por adelantado ni honorarios de abogados a menos que ganemos su caso, ya sea un acuerdo por accidente de auto, un reclamo de compensaci\u00f3n laboral o un caso de litigio por responsabilidad del producto.<\/p>\n\n\n\n<h2 class=\"wp-block-heading\"><span class=\"ez-toc-section\" id=\"What_forms_of_compensation_am_I_eligible_to_receive_for_a_personal_injury\"><\/span>\u00bfQu\u00e9 formas de compensaci\u00f3n puedo ser elegible para recibir por una lesi\u00f3n personal?<span class=\"ez-toc-section-end\"><\/span><\/h2>\n\n\n\n<p>Usted podr\u00eda recuperar dinero para facturas m\u00e9dicas, p\u00e9rdida de ingresos, beneficios de PIP, dolor y sufrimiento, rehabilitaci\u00f3n y otros da\u00f1os econ\u00f3micos o no econ\u00f3micos. Al mismo tiempo, nos enfocamos en proteger sus derechos.<\/p>\n\n\n\n<h2 class=\"wp-block-heading\"><span class=\"ez-toc-section\" id=\"How_long_will_it_take_to_resolve_my_personal_injury_case_in_Tampa\"><\/span>\u00bfCu\u00e1nto tiempo tomar\u00e1 resolver mi caso de lesiones personales en Tampa?<span class=\"ez-toc-section-end\"><\/span><\/h2>\n\n\n\n<p>Depende. Los casos sencillos pueden resolverse en pocos meses. Los m\u00e1s complejos \u2014como los que involucran negligencia m\u00e9dica, litigios por responsabilidad del producto o casos con problemas de negligencia comparativa\u2014 pueden tardar m\u00e1s o ir a juicio.<\/p>\n\n\n\n<h2 class=\"wp-block-heading\"><span class=\"ez-toc-section\" id=\"What_happens_if_I_am_unable_to_work_due_to_my_injury\"><\/span>\u00bfQu\u00e9 sucede si no puedo trabajar debido a mi lesi\u00f3n?<span class=\"ez-toc-section-end\"><\/span><\/h2>\n\n\n\n<p>Le ayudamos a recuperar los salarios perdidos a trav\u00e9s de acuerdos por accidentes de auto, beneficios de compensaci\u00f3n laboral u otras indemnizaciones, mientras protegemos sus derechos. Necesitar\u00e1 presentar registros m\u00e9dicos y comprobantes de ingresos. Nuestros abogados se encargan de todos los detalles.<\/p>","protected":false},"excerpt":{"rendered":"<p>What should I do immediately after an accident in Tampa? Seek medical treatment first. Then, document the accident scene, take photos, and get witness contact info. Call a personal injury lawyer as soon as possible to start protecting your rights. How long do I have to file a personal injury claim in Tampa? Under the [&hellip;]<\/p>\n","protected":false},"author":5,"featured_media":0,"parent":0,"menu_order":0,"comment_status":"closed","ping_status":"closed","template":"","meta":{"_acf_changed":false,"inline_featured_image":false,"footnotes":""},"categories":[],"tags":[],"class_list":["post-345","page","type-page","status-publish","hentry"],"acf":[],"yoast_head":"<!-- This site is optimized with the Yoast SEO plugin v27.4 - https:\/\/yoast.com\/product\/yoast-seo-wordpress\/ -->\n<title>Tampa Nursing Homes During COVID-19 - Fiol &amp; Morros Law Group<\/title>\n<meta name=\"description\" content=\"If you have loved one in nursing homes during COVID-19 in Tampa Bay, find out what you can do to help keep him or her safe.\" \/>\n<meta name=\"robots\" content=\"index, follow, max-snippet:-1, max-image-preview:large, max-video-preview:-1\" \/>\n<link rel=\"canonical\" href=\"https:\/\/www.fiolinjurylaw.com\/es\/faq\/\" \/>\n<meta property=\"og:locale\" content=\"es_ES\" \/>\n<meta property=\"og:type\" content=\"article\" \/>\n<meta property=\"og:title\" content=\"Tampa Nursing Homes During COVID-19 - Fiol &amp; Morros Law Group\" \/>\n<meta property=\"og:description\" content=\"If you have loved one in nursing homes during COVID-19 in Tampa Bay, find out what you can do to help keep him or her safe.\" \/>\n<meta property=\"og:url\" content=\"https:\/\/www.fiolinjurylaw.com\/es\/faq\/\" \/>\n<meta property=\"og:site_name\" content=\"Fiol &amp; Morros Law Group: Accident &amp; Injury Lawyers\" \/>\n<meta property=\"article:modified_time\" content=\"2025-11-26T01:00:48+00:00\" \/>\n<meta name=\"twitter:card\" content=\"summary_large_image\" \/>\n<meta name=\"twitter:label1\" content=\"Est. reading time\" \/>\n\t<meta name=\"twitter:data1\" content=\"2 minutos\" \/>\n<script type=\"application\/ld+json\" class=\"yoast-schema-graph\">{\"@context\":\"https:\\\/\\\/schema.org\",\"@graph\":[{\"@type\":\"WebPage\",\"@id\":\"https:\\\/\\\/www.fiolinjurylaw.com\\\/faq\\\/\",\"url\":\"https:\\\/\\\/www.fiolinjurylaw.com\\\/faq\\\/\",\"name\":\"Tampa Nursing Homes During COVID-19 - Fiol & Morros Law Group\",\"isPartOf\":{\"@id\":\"https:\\\/\\\/www.fiolinjurylaw.com\\\/#website\"},\"datePublished\":\"2025-07-19T02:21:27+00:00\",\"dateModified\":\"2025-11-26T01:00:48+00:00\",\"description\":\"If you have loved one in nursing homes during COVID-19 in Tampa Bay, find out what you can do to help keep him or her safe.\",\"breadcrumb\":{\"@id\":\"https:\\\/\\\/www.fiolinjurylaw.com\\\/faq\\\/#breadcrumb\"},\"inLanguage\":\"es\",\"potentialAction\":[{\"@type\":\"ReadAction\",\"target\":[\"https:\\\/\\\/www.fiolinjurylaw.com\\\/faq\\\/\"]}]},{\"@type\":\"BreadcrumbList\",\"@id\":\"https:\\\/\\\/www.fiolinjurylaw.com\\\/faq\\\/#breadcrumb\",\"itemListElement\":[{\"@type\":\"ListItem\",\"position\":1,\"name\":\"Home\",\"item\":\"https:\\\/\\\/www.fiolinjurylaw.com\\\/\"},{\"@type\":\"ListItem\",\"position\":2,\"name\":\"FAQ\"}]},{\"@type\":\"WebSite\",\"@id\":\"https:\\\/\\\/www.fiolinjurylaw.com\\\/#website\",\"url\":\"https:\\\/\\\/www.fiolinjurylaw.com\\\/\",\"name\":\"Fiol &amp; Morros Law Group: Accident &amp; Injury Lawyers\",\"description\":\"\",\"potentialAction\":[{\"@type\":\"SearchAction\",\"target\":{\"@type\":\"EntryPoint\",\"urlTemplate\":\"https:\\\/\\\/www.fiolinjurylaw.com\\\/?s={search_term_string}\"},\"query-input\":{\"@type\":\"PropertyValueSpecification\",\"valueRequired\":true,\"valueName\":\"search_term_string\"}}],\"inLanguage\":\"es\"}]}<\/script>\n<!-- \/ Yoast SEO plugin. -->","yoast_head_json":{"title":"Residencias de ancianos en Tampa durante la COVID-19 - Grupo Jur\u00eddico Fiol &amp; Morros","description":"Si tiene un ser querido en una residencia de ancianos durante la pandemia de COVID-19 en Tampa Bay, inf\u00f3rmese sobre lo que puede hacer para ayudar a mantenerlo a salvo.","robots":{"index":"index","follow":"follow","max-snippet":"max-snippet:-1","max-image-preview":"max-image-preview:large","max-video-preview":"max-video-preview:-1"},"canonical":"https:\/\/www.fiolinjurylaw.com\/es\/faq\/","og_locale":"es_ES","og_type":"article","og_title":"Tampa Nursing Homes During COVID-19 - Fiol & Morros Law Group","og_description":"If you have loved one in nursing homes during COVID-19 in Tampa Bay, find out what you can do to help keep him or her safe.","og_url":"https:\/\/www.fiolinjurylaw.com\/es\/faq\/","og_site_name":"Fiol &amp; Morros Law Group: Accident &amp; Injury Lawyers","article_modified_time":"2025-11-26T01:00:48+00:00","twitter_card":"summary_large_image","twitter_misc":{"Est. reading time":"2 minutos"},"schema":{"@context":"https:\/\/schema.org","@graph":[{"@type":"WebPage","@id":"https:\/\/www.fiolinjurylaw.com\/faq\/","url":"https:\/\/www.fiolinjurylaw.com\/faq\/","name":"Residencias de ancianos en Tampa durante la COVID-19 - Grupo Jur\u00eddico Fiol &amp; Morros","isPartOf":{"@id":"https:\/\/www.fiolinjurylaw.com\/#website"},"datePublished":"2025-07-19T02:21:27+00:00","dateModified":"2025-11-26T01:00:48+00:00","description":"Si tiene un ser querido en una residencia de ancianos durante la pandemia de COVID-19 en Tampa Bay, inf\u00f3rmese sobre lo que puede hacer para ayudar a mantenerlo a salvo.","breadcrumb":{"@id":"https:\/\/www.fiolinjurylaw.com\/faq\/#breadcrumb"},"inLanguage":"es","potentialAction":[{"@type":"ReadAction","target":["https:\/\/www.fiolinjurylaw.com\/faq\/"]}]},{"@type":"BreadcrumbList","@id":"https:\/\/www.fiolinjurylaw.com\/faq\/#breadcrumb","itemListElement":[{"@type":"ListItem","position":1,"name":"Home","item":"https:\/\/www.fiolinjurylaw.com\/"},{"@type":"ListItem","position":2,"name":"FAQ"}]},{"@type":"WebSite","@id":"https:\/\/www.fiolinjurylaw.com\/#website","url":"https:\/\/www.fiolinjurylaw.com\/","name":"Bufete Fiol &amp; Morros: Abogados especializados en accidentes y lesiones","description":"","potentialAction":[{"@type":"SearchAction","target":{"@type":"EntryPoint","urlTemplate":"https:\/\/www.fiolinjurylaw.com\/?s={search_term_string}"},"query-input":{"@type":"PropertyValueSpecification","valueRequired":true,"valueName":"search_term_string"}}],"inLanguage":"es"}]}},"_links":{"self":[{"href":"https:\/\/www.fiolinjurylaw.com\/es\/wp-json\/wp\/v2\/pages\/345","targetHints":{"allow":["GET"]}}],"collection":[{"href":"https:\/\/www.fiolinjurylaw.com\/es\/wp-json\/wp\/v2\/pages"}],"about":[{"href":"https:\/\/www.fiolinjurylaw.com\/es\/wp-json\/wp\/v2\/types\/page"}],"author":[{"embeddable":true,"href":"https:\/\/www.fiolinjurylaw.com\/es\/wp-json\/wp\/v2\/users\/5"}],"replies":[{"embeddable":true,"href":"https:\/\/www.fiolinjurylaw.com\/es\/wp-json\/wp\/v2\/comments?post=345"}],"version-history":[{"count":0,"href":"https:\/\/www.fiolinjurylaw.com\/es\/wp-json\/wp\/v2\/pages\/345\/revisions"}],"wp:attachment":[{"href":"https:\/\/www.fiolinjurylaw.com\/es\/wp-json\/wp\/v2\/media?parent=345"}],"wp:term":[{"taxonomy":"category","embeddable":true,"href":"https:\/\/www.fiolinjurylaw.com\/es\/wp-json\/wp\/v2\/categories?post=345"},{"taxonomy":"post_tag","embeddable":true,"href":"https:\/\/www.fiolinjurylaw.com\/es\/wp-json\/wp\/v2\/tags?post=345"}],"curies":[{"name":"wp","href":"https:\/\/api.w.org\/{rel}","templated":true}]}}