{"id":43,"date":"2025-07-01T20:57:21","date_gmt":"2025-07-01T20:57:21","guid":{"rendered":"https:\/\/fiolinjurylaw.wpenginepowered.com\/?page_id=43"},"modified":"2025-11-26T00:48:34","modified_gmt":"2025-11-26T00:48:34","slug":"disclaimer","status":"publish","type":"page","link":"https:\/\/www.fiolinjurylaw.com\/es\/disclaimer\/","title":{"rendered":"Aviso Legal"},"content":{"rendered":"<p>La informaci\u00f3n que usted obtiene en este sitio no es, ni pretende ser, asesor\u00eda legal. Usted debe consultar a un abogado para obtener asesor\u00eda con respecto a su situaci\u00f3n individual. Le invitamos a contactarnos y agradecemos sus llamadas, cartas y correos electr\u00f3nicos. El hecho de contactarnos no crea una relaci\u00f3n abogado-cliente. Por favor, no nos env\u00ede ninguna informaci\u00f3n confidencial hasta que se haya establecido una relaci\u00f3n abogado-cliente.<\/p>","protected":false},"excerpt":{"rendered":"<p>The information you obtain at this site is not, nor is it intended to be, legal advice. You should consult an attorney for advice regarding your individual situation. We invite you to contact us and welcome your calls, letters and electronic mail. Contacting us does not create an attorney-client relationship. Please do not send any [&hellip;]<\/p>\n","protected":false},"author":5,"featured_media":0,"parent":0,"menu_order":0,"comment_status":"closed","ping_status":"closed","template":"","meta":{"_acf_changed":false,"inline_featured_image":false,"footnotes":""},"categories":[],"tags":[],"class_list":["post-43","page","type-page","status-publish","hentry"],"acf":[],"yoast_head":"<!-- This site is optimized with the Yoast SEO plugin v27.4 - https:\/\/yoast.com\/product\/yoast-seo-wordpress\/ -->\n<title>Disclaimer<\/title>\n<meta name=\"description\" content=\"Disclaimer from Fiol &amp; Morros Law Group. The information you obtain at this site is not, nor is it intended to be, legal advice.\" \/>\n<meta name=\"robots\" content=\"index, follow, max-snippet:-1, max-image-preview:large, max-video-preview:-1\" \/>\n<link rel=\"canonical\" href=\"https:\/\/www.fiolinjurylaw.com\/es\/disclaimer\/\" \/>\n<meta property=\"og:locale\" content=\"es_ES\" \/>\n<meta property=\"og:type\" content=\"article\" \/>\n<meta property=\"og:title\" content=\"Disclaimer\" \/>\n<meta property=\"og:description\" content=\"Disclaimer from Fiol &amp; Morros Law Group. The information you obtain at this site is not, nor is it intended to be, legal advice.\" \/>\n<meta property=\"og:url\" content=\"https:\/\/www.fiolinjurylaw.com\/es\/disclaimer\/\" \/>\n<meta property=\"og:site_name\" content=\"Fiol &amp; Morros Law Group: Accident &amp; Injury Lawyers\" \/>\n<meta property=\"article:modified_time\" content=\"2025-11-26T00:48:34+00:00\" \/>\n<meta name=\"twitter:card\" content=\"summary_large_image\" \/>\n<meta name=\"twitter:label1\" content=\"Est. reading time\" \/>\n\t<meta name=\"twitter:data1\" content=\"1 minuto\" \/>\n<script type=\"application\/ld+json\" class=\"yoast-schema-graph\">{\"@context\":\"https:\\\/\\\/schema.org\",\"@graph\":[{\"@type\":\"WebPage\",\"@id\":\"https:\\\/\\\/www.fiolinjurylaw.com\\\/disclaimer\\\/\",\"url\":\"https:\\\/\\\/www.fiolinjurylaw.com\\\/disclaimer\\\/\",\"name\":\"Disclaimer\",\"isPartOf\":{\"@id\":\"https:\\\/\\\/www.fiolinjurylaw.com\\\/#website\"},\"datePublished\":\"2025-07-01T20:57:21+00:00\",\"dateModified\":\"2025-11-26T00:48:34+00:00\",\"description\":\"Disclaimer from Fiol & Morros Law Group. The information you obtain at this site is not, nor is it intended to be, legal advice.\",\"breadcrumb\":{\"@id\":\"https:\\\/\\\/www.fiolinjurylaw.com\\\/disclaimer\\\/#breadcrumb\"},\"inLanguage\":\"es\",\"potentialAction\":[{\"@type\":\"ReadAction\",\"target\":[\"https:\\\/\\\/www.fiolinjurylaw.com\\\/disclaimer\\\/\"]}]},{\"@type\":\"BreadcrumbList\",\"@id\":\"https:\\\/\\\/www.fiolinjurylaw.com\\\/disclaimer\\\/#breadcrumb\",\"itemListElement\":[{\"@type\":\"ListItem\",\"position\":1,\"name\":\"Home\",\"item\":\"https:\\\/\\\/www.fiolinjurylaw.com\\\/\"},{\"@type\":\"ListItem\",\"position\":2,\"name\":\"Disclaimer\"}]},{\"@type\":\"WebSite\",\"@id\":\"https:\\\/\\\/www.fiolinjurylaw.com\\\/#website\",\"url\":\"https:\\\/\\\/www.fiolinjurylaw.com\\\/\",\"name\":\"Fiol &amp; Morros Law Group: Accident &amp; Injury Lawyers\",\"description\":\"\",\"potentialAction\":[{\"@type\":\"SearchAction\",\"target\":{\"@type\":\"EntryPoint\",\"urlTemplate\":\"https:\\\/\\\/www.fiolinjurylaw.com\\\/?s={search_term_string}\"},\"query-input\":{\"@type\":\"PropertyValueSpecification\",\"valueRequired\":true,\"valueName\":\"search_term_string\"}}],\"inLanguage\":\"es\"}]}<\/script>\n<!-- \/ Yoast SEO plugin. -->","yoast_head_json":{"title":"Aviso Legal","description":"Aviso legal de Fiol &amp; Morros Law Group. La informaci\u00f3n que usted obtiene en este sitio no constituye, ni pretende constituir, asesoramiento legal.","robots":{"index":"index","follow":"follow","max-snippet":"max-snippet:-1","max-image-preview":"max-image-preview:large","max-video-preview":"max-video-preview:-1"},"canonical":"https:\/\/www.fiolinjurylaw.com\/es\/disclaimer\/","og_locale":"es_ES","og_type":"article","og_title":"Disclaimer","og_description":"Disclaimer from Fiol & Morros Law Group. The information you obtain at this site is not, nor is it intended to be, legal advice.","og_url":"https:\/\/www.fiolinjurylaw.com\/es\/disclaimer\/","og_site_name":"Fiol &amp; Morros Law Group: Accident &amp; Injury Lawyers","article_modified_time":"2025-11-26T00:48:34+00:00","twitter_card":"summary_large_image","twitter_misc":{"Est. reading time":"1 minuto"},"schema":{"@context":"https:\/\/schema.org","@graph":[{"@type":"WebPage","@id":"https:\/\/www.fiolinjurylaw.com\/disclaimer\/","url":"https:\/\/www.fiolinjurylaw.com\/disclaimer\/","name":"Aviso Legal","isPartOf":{"@id":"https:\/\/www.fiolinjurylaw.com\/#website"},"datePublished":"2025-07-01T20:57:21+00:00","dateModified":"2025-11-26T00:48:34+00:00","description":"Aviso legal de Fiol &amp; Morros Law Group. La informaci\u00f3n que usted obtiene en este sitio no constituye, ni pretende constituir, asesoramiento legal.","breadcrumb":{"@id":"https:\/\/www.fiolinjurylaw.com\/disclaimer\/#breadcrumb"},"inLanguage":"es","potentialAction":[{"@type":"ReadAction","target":["https:\/\/www.fiolinjurylaw.com\/disclaimer\/"]}]},{"@type":"BreadcrumbList","@id":"https:\/\/www.fiolinjurylaw.com\/disclaimer\/#breadcrumb","itemListElement":[{"@type":"ListItem","position":1,"name":"Home","item":"https:\/\/www.fiolinjurylaw.com\/"},{"@type":"ListItem","position":2,"name":"Disclaimer"}]},{"@type":"WebSite","@id":"https:\/\/www.fiolinjurylaw.com\/#website","url":"https:\/\/www.fiolinjurylaw.com\/","name":"Bufete Fiol &amp; Morros: Abogados especializados en accidentes y lesiones","description":"","potentialAction":[{"@type":"SearchAction","target":{"@type":"EntryPoint","urlTemplate":"https:\/\/www.fiolinjurylaw.com\/?s={search_term_string}"},"query-input":{"@type":"PropertyValueSpecification","valueRequired":true,"valueName":"search_term_string"}}],"inLanguage":"es"}]}},"_links":{"self":[{"href":"https:\/\/www.fiolinjurylaw.com\/es\/wp-json\/wp\/v2\/pages\/43","targetHints":{"allow":["GET"]}}],"collection":[{"href":"https:\/\/www.fiolinjurylaw.com\/es\/wp-json\/wp\/v2\/pages"}],"about":[{"href":"https:\/\/www.fiolinjurylaw.com\/es\/wp-json\/wp\/v2\/types\/page"}],"author":[{"embeddable":true,"href":"https:\/\/www.fiolinjurylaw.com\/es\/wp-json\/wp\/v2\/users\/5"}],"replies":[{"embeddable":true,"href":"https:\/\/www.fiolinjurylaw.com\/es\/wp-json\/wp\/v2\/comments?post=43"}],"version-history":[{"count":0,"href":"https:\/\/www.fiolinjurylaw.com\/es\/wp-json\/wp\/v2\/pages\/43\/revisions"}],"wp:attachment":[{"href":"https:\/\/www.fiolinjurylaw.com\/es\/wp-json\/wp\/v2\/media?parent=43"}],"wp:term":[{"taxonomy":"category","embeddable":true,"href":"https:\/\/www.fiolinjurylaw.com\/es\/wp-json\/wp\/v2\/categories?post=43"},{"taxonomy":"post_tag","embeddable":true,"href":"https:\/\/www.fiolinjurylaw.com\/es\/wp-json\/wp\/v2\/tags?post=43"}],"curies":[{"name":"wp","href":"https:\/\/api.w.org\/{rel}","templated":true}]}}