{"id":917,"date":"2025-10-22T04:29:22","date_gmt":"2025-10-22T04:29:22","guid":{"rendered":"https:\/\/fiolinjurylaw.wpenginepowered.com\/?page_id=917"},"modified":"2026-04-08T12:54:42","modified_gmt":"2026-04-08T16:54:42","slug":"tampa-bed-bug-lawyer","status":"publish","type":"page","link":"https:\/\/www.fiolinjurylaw.com\/es\/tampa-bed-bug-lawyer\/","title":{"rendered":"Abogado de Tampa especializado en chinches de cama"},"content":{"rendered":"<div class=\"wp-block-columns is-layout-flex wp-container-core-columns-is-layout-28f84493 wp-block-columns-is-layout-flex\">\n<div class=\"wp-block-column is-layout-flow wp-block-column-is-layout-flow\">\n<div class=\"wp-block-columns is-layout-flex wp-container-core-columns-is-layout-28f84493 wp-block-columns-is-layout-flex\">\n<div class=\"wp-block-column is-layout-flow wp-block-column-is-layout-flow\">\n<figure class=\"wp-block-image size-full is-resized\"><img decoding=\"async\" sizes=\"(max-width: 310px) 100vw, 310px\" src=\"https:\/\/www.fiolinjurylaw.com\/wp-content\/uploads\/2025\/12\/Tampa-T-Bone-Accident-Lawyer.webp\" alt=\"Tampa T-Bone Accident Lawyer\" class=\"wp-image-1493\" style=\"width:410px;height:auto\"\/><\/figure>\n<\/div>\n\n\n\n<div class=\"wp-block-column is-layout-flow wp-block-column-is-layout-flow\">\n<p class=\"has-text-align-left\">Los abogados de Fiol &amp; Morros Law Group est\u00e1n listos para ayudarle en caso de una reclamaci\u00f3n por chinches. Si usted o un ser querido sufri\u00f3 dolorosas picaduras de chinches y perdi\u00f3 art\u00edculos costosos como colchones debido a infestaciones, podemos ayudarle. Determinaremos si otra parte caus\u00f3 sus da\u00f1os y, de ser as\u00ed, la haremos responsable.<\/p>\n<\/div>\n<\/div>\n<\/div>\n<\/div>\n\n\n\n<p>Los chinches pueden causar picaduras dolorosas que r\u00e1pidamente se convierten en ronchas con picaz\u00f3n. Muchas personas que sufren estas picaduras no se dan cuenta de que son de chinches y las confunden con picaduras de mosquitos. Cuando los propietarios, los due\u00f1os de hoteles o los administradores de propiedades no previenen las infestaciones de chinches, las partes afectadas pueden recuperar sus p\u00e9rdidas mediante demandas civiles.<\/p>\n\n\n\n<div id=\"ez-toc-container\" class=\"ez-toc-v2_0_82_2 counter-hierarchy ez-toc-counter ez-toc-grey ez-toc-container-direction\">\n<div class=\"ez-toc-title-container\">\n<p class=\"ez-toc-title\" style=\"cursor:inherit\">Tabla de contenidos<\/p>\n<span class=\"ez-toc-title-toggle\"><a href=\"#\" class=\"ez-toc-pull-right ez-toc-btn ez-toc-btn-xs ez-toc-btn-default ez-toc-toggle\" aria-label=\"Alternar tabla de contenido\"><span class=\"ez-toc-js-icon-con\"><span class=\"\"><span class=\"eztoc-hide\" style=\"display:none;\">Palanca<\/span><span class=\"ez-toc-icon-toggle-span\"><svg style=\"fill: #999;color:#999\" xmlns=\"http:\/\/www.w3.org\/2000\/svg\" class=\"list-377408\" width=\"20px\" height=\"20px\" viewbox=\"0 0 24 24\" fill=\"none\"><path d=\"M6 6H4v2h2V6zm14 0H8v2h12V6zM4 11h2v2H4v-2zm16 0H8v2h12v-2zM4 16h2v2H4v-2zm16 0H8v2h12v-2z\" fill=\"currentColor\"><\/path><\/svg><svg style=\"fill: #999;color:#999\" class=\"arrow-unsorted-368013\" xmlns=\"http:\/\/www.w3.org\/2000\/svg\" width=\"10px\" height=\"10px\" viewbox=\"0 0 24 24\" version=\"1.2\" baseprofile=\"tiny\"><path d=\"M18.2 9.3l-6.2-6.3-6.2 6.3c-.2.2-.3.4-.3.7s.1.5.3.7c.2.2.4.3.7.3h11c.3 0 .5-.1.7-.3.2-.2.3-.5.3-.7s-.1-.5-.3-.7zM5.8 14.7l6.2 6.3 6.2-6.3c.2-.2.3-.5.3-.7s-.1-.5-.3-.7c-.2-.2-.4-.3-.7-.3h-11c-.3 0-.5.1-.7.3-.2.2-.3.5-.3.7s.1.5.3.7z\"\/><\/svg><\/span><\/span><\/span><\/a><\/span><\/div>\n<nav><ul class='ez-toc-list ez-toc-list-level-1 eztoc-toggle-hide-by-default' ><li class='ez-toc-page-1 ez-toc-heading-level-2'><a class=\"ez-toc-link ez-toc-heading-1\" href=\"https:\/\/www.fiolinjurylaw.com\/es\/tampa-bed-bug-lawyer\/#Liability_for_Bed_Bug_Infestations\" >Responsabilidad por infestaciones de chinches de cama<\/a><\/li><li class='ez-toc-page-1 ez-toc-heading-level-2'><a class=\"ez-toc-link ez-toc-heading-2\" href=\"https:\/\/www.fiolinjurylaw.com\/es\/tampa-bed-bug-lawyer\/#Additional_Information_About_Bed_Bugs_in_Florida\" >Informaci\u00f3n adicional sobre los chinches de cama en Florida<\/a><\/li><li class='ez-toc-page-1 ez-toc-heading-level-2'><a class=\"ez-toc-link ez-toc-heading-3\" href=\"https:\/\/www.fiolinjurylaw.com\/es\/tampa-bed-bug-lawyer\/#Contact_Our_Tampa_Bed_Bug_Attorneys_Today\" >Contacte hoy mismo con nuestros abogados especializados en chinches de cama en Tampa.<\/a><\/li><\/ul><\/nav><\/div>\n<h2 class=\"wp-block-heading\"><span class=\"ez-toc-section\" id=\"Liability_for_Bed_Bug_Infestations\"><\/span>Responsabilidad por infestaciones de chinches de cama<span class=\"ez-toc-section-end\"><\/span><\/h2>\n\n\n\n<p>La mayor\u00eda de las demandas relacionadas con chinches involucran a propietarios que no previenen las infestaciones, como hoteles, complejos de apartamentos y alquileres vacacionales. El propietario tiene la obligaci\u00f3n legal de proteger a los visitantes y hu\u00e9spedes leg\u00edtimos de la propiedad, incluyendo la exposici\u00f3n a las chinches.<\/p>\n\n\n\n<p>Dependiendo de la naturaleza de la infestaci\u00f3n de chinches, el demandante puede reclamar una indemnizaci\u00f3n por los da\u00f1os y perjuicios ocasionados. En la mayor\u00eda de los casos, los demandantes pueden obtener una compensaci\u00f3n por los gastos m\u00e9dicos relacionados con el tratamiento de la exposici\u00f3n a las chinches, as\u00ed como por los da\u00f1os materiales derivados de su eliminaci\u00f3n. Las chinches suelen esconderse en colchones, somieres, s\u00e1banas, ropa y cualquier rinc\u00f3n de la casa. Es probable que los demandantes deban contratar a un exterminador para eliminar las chinches, lo cual puede resultar costoso. Tambi\u00e9n deber\u00e1n destruir los art\u00edculos infestados, como colchones, almohadas y ropa de cama, para poder recuperar los costos de reparaci\u00f3n o reemplazo en sus reclamaciones.<\/p>\n\n\n\n<h2 class=\"wp-block-heading\"><span class=\"ez-toc-section\" id=\"Additional_Information_About_Bed_Bugs_in_Florida\"><\/span>Informaci\u00f3n adicional sobre los chinches de cama en Florida<span class=\"ez-toc-section-end\"><\/span><\/h2>\n\n\n\n<p>Si planea viajar dentro de Florida, hay un <a href=\"https:\/\/www.bedbugregistry.com\/\">registro de chinches de cama<\/a> Puedes consultar todas las quejas por chinches en el estado. El registro utiliza informes policiales y documentos judiciales reales para rastrear incidentes relacionados con chinches, por lo que es una buena manera de investigar si planeas hospedarte en un hotel o resort de Florida pr\u00f3ximamente.<\/p>\n\n\n\n<h2 class=\"wp-block-heading\"><span class=\"ez-toc-section\" id=\"Contact_Our_Tampa_Bed_Bug_Attorneys_Today\"><\/span>Contacte hoy mismo con nuestros abogados especializados en chinches de cama en Tampa.<span class=\"ez-toc-section-end\"><\/span><\/h2>\n\n\n\n<p>Cualquier persona que haya sufrido da\u00f1os como resultado de un <a href=\"https:\/\/www.fiolinjurylaw.com\/es\/practice-areas\/bed-bugs-lawyer-tampa-florida\/\">Infestaci\u00f3n de chinches en Tampa<\/a> En esta \u00e1rea, puede presentar una demanda por lesiones personales contra la parte responsable para recuperar sus p\u00e9rdidas. Comun\u00edquese hoy mismo con Fiol &amp; Morros Law Group para programar una evaluaci\u00f3n gratuita de su caso con uno de nuestros abogados. Revisaremos los detalles de su reclamo y le informaremos c\u00f3mo nuestro bufete puede ayudarle.<\/p>","protected":false},"excerpt":{"rendered":"<p>The attorneys at Fiol &amp; Morros Law Group are ready and willing to help in the event of a bed bug claim. If you or a loved one suffered painful bed bug bites and lost expensive items like mattresses to bed bug infestations, we can help. We can determine whether or not another party caused [&hellip;]<\/p>\n","protected":false},"author":5,"featured_media":0,"parent":0,"menu_order":7,"comment_status":"closed","ping_status":"closed","template":"","meta":{"_acf_changed":false,"inline_featured_image":false,"footnotes":""},"categories":[],"tags":[16],"class_list":["post-917","page","type-page","status-publish","hentry","tag-practice-area"],"acf":[],"yoast_head":"<!-- This site is optimized with the Yoast SEO plugin v27.4 - https:\/\/yoast.com\/product\/yoast-seo-wordpress\/ -->\n<title>Tampa Bed Bug Lawyer<\/title>\n<meta name=\"description\" content=\"Bed bug attorney from Fiol &amp; Morros Law Group are ready and willing to help in the event of a bed bug claim. Reach out to our lawyers today.\" \/>\n<meta name=\"robots\" content=\"index, follow, max-snippet:-1, max-image-preview:large, max-video-preview:-1\" \/>\n<link rel=\"canonical\" href=\"https:\/\/www.fiolinjurylaw.com\/es\/tampa-bed-bug-lawyer\/\" \/>\n<meta property=\"og:locale\" content=\"es_ES\" \/>\n<meta property=\"og:type\" content=\"article\" \/>\n<meta property=\"og:title\" content=\"Tampa Bed Bug Lawyer\" \/>\n<meta property=\"og:description\" content=\"Bed bug attorney from Fiol &amp; Morros Law Group are ready and willing to help in the event of a bed bug claim. Reach out to our lawyers today.\" \/>\n<meta property=\"og:url\" content=\"https:\/\/www.fiolinjurylaw.com\/es\/tampa-bed-bug-lawyer\/\" \/>\n<meta property=\"og:site_name\" content=\"Fiol &amp; Morros Law Group: Accident &amp; Injury Lawyers\" \/>\n<meta property=\"article:modified_time\" content=\"2026-04-08T16:54:42+00:00\" \/>\n<meta property=\"og:image\" content=\"https:\/\/www.fiolinjurylaw.com\/wp-content\/uploads\/2025\/12\/Tampa-T-Bone-Accident-Lawyer.webp?wsr\" \/>\n\t<meta property=\"og:image:width\" content=\"400\" \/>\n\t<meta property=\"og:image:height\" content=\"480\" \/>\n\t<meta property=\"og:image:type\" content=\"image\/jpeg\" \/>\n<meta name=\"twitter:card\" content=\"summary_large_image\" \/>\n<meta name=\"twitter:label1\" content=\"Est. reading time\" \/>\n\t<meta name=\"twitter:data1\" content=\"3 minutos\" \/>\n<script type=\"application\/ld+json\" class=\"yoast-schema-graph\">{\"@context\":\"https:\\\/\\\/schema.org\",\"@graph\":[{\"@type\":\"WebPage\",\"@id\":\"https:\\\/\\\/www.fiolinjurylaw.com\\\/tampa-bed-bug-lawyer\\\/\",\"url\":\"https:\\\/\\\/www.fiolinjurylaw.com\\\/tampa-bed-bug-lawyer\\\/\",\"name\":\"Tampa Bed Bug Lawyer\",\"isPartOf\":{\"@id\":\"https:\\\/\\\/www.fiolinjurylaw.com\\\/#website\"},\"primaryImageOfPage\":{\"@id\":\"https:\\\/\\\/www.fiolinjurylaw.com\\\/tampa-bed-bug-lawyer\\\/#primaryimage\"},\"image\":{\"@id\":\"https:\\\/\\\/www.fiolinjurylaw.com\\\/tampa-bed-bug-lawyer\\\/#primaryimage\"},\"thumbnailUrl\":\"https:\\\/\\\/www.fiolinjurylaw.com\\\/wp-content\\\/uploads\\\/2025\\\/12\\\/Tampa-T-Bone-Accident-Lawyer.webp\",\"datePublished\":\"2025-10-22T04:29:22+00:00\",\"dateModified\":\"2026-04-08T16:54:42+00:00\",\"description\":\"Bed bug attorney from Fiol & Morros Law Group are ready and willing to help in the event of a bed bug claim. Reach out to our lawyers today.\",\"breadcrumb\":{\"@id\":\"https:\\\/\\\/www.fiolinjurylaw.com\\\/tampa-bed-bug-lawyer\\\/#breadcrumb\"},\"inLanguage\":\"es\",\"potentialAction\":[{\"@type\":\"ReadAction\",\"target\":[\"https:\\\/\\\/www.fiolinjurylaw.com\\\/tampa-bed-bug-lawyer\\\/\"]}]},{\"@type\":\"ImageObject\",\"inLanguage\":\"es\",\"@id\":\"https:\\\/\\\/www.fiolinjurylaw.com\\\/tampa-bed-bug-lawyer\\\/#primaryimage\",\"url\":\"https:\\\/\\\/www.fiolinjurylaw.com\\\/wp-content\\\/uploads\\\/2025\\\/12\\\/Tampa-T-Bone-Accident-Lawyer.webp\",\"contentUrl\":\"https:\\\/\\\/www.fiolinjurylaw.com\\\/wp-content\\\/uploads\\\/2025\\\/12\\\/Tampa-T-Bone-Accident-Lawyer.webp\"},{\"@type\":\"BreadcrumbList\",\"@id\":\"https:\\\/\\\/www.fiolinjurylaw.com\\\/tampa-bed-bug-lawyer\\\/#breadcrumb\",\"itemListElement\":[{\"@type\":\"ListItem\",\"position\":1,\"name\":\"Home\",\"item\":\"https:\\\/\\\/www.fiolinjurylaw.com\\\/\"},{\"@type\":\"ListItem\",\"position\":2,\"name\":\"Tampa Bed Bug Lawyer\"}]},{\"@type\":\"WebSite\",\"@id\":\"https:\\\/\\\/www.fiolinjurylaw.com\\\/#website\",\"url\":\"https:\\\/\\\/www.fiolinjurylaw.com\\\/\",\"name\":\"Fiol &amp; Morros Law Group: Accident &amp; Injury Lawyers\",\"description\":\"\",\"potentialAction\":[{\"@type\":\"SearchAction\",\"target\":{\"@type\":\"EntryPoint\",\"urlTemplate\":\"https:\\\/\\\/www.fiolinjurylaw.com\\\/?s={search_term_string}\"},\"query-input\":{\"@type\":\"PropertyValueSpecification\",\"valueRequired\":true,\"valueName\":\"search_term_string\"}}],\"inLanguage\":\"es\"}]}<\/script>\n<!-- \/ Yoast SEO plugin. -->","yoast_head_json":{"title":"Abogado de Tampa especializado en chinches de cama","description":"Bed bug attorney from Fiol & Morros Law Group are ready and willing to help in the event of a bed bug claim. Reach out to our lawyers today.","robots":{"index":"index","follow":"follow","max-snippet":"max-snippet:-1","max-image-preview":"max-image-preview:large","max-video-preview":"max-video-preview:-1"},"canonical":"https:\/\/www.fiolinjurylaw.com\/es\/tampa-bed-bug-lawyer\/","og_locale":"es_ES","og_type":"article","og_title":"Tampa Bed Bug Lawyer","og_description":"Bed bug attorney from Fiol & Morros Law Group are ready and willing to help in the event of a bed bug claim. Reach out to our lawyers today.","og_url":"https:\/\/www.fiolinjurylaw.com\/es\/tampa-bed-bug-lawyer\/","og_site_name":"Fiol &amp; Morros Law Group: Accident &amp; Injury Lawyers","article_modified_time":"2026-04-08T16:54:42+00:00","og_image":[{"width":400,"height":480,"url":"https:\/\/www.fiolinjurylaw.com\/wp-content\/uploads\/2025\/12\/Tampa-T-Bone-Accident-Lawyer.webp?wsr","type":"image\/jpeg"}],"twitter_card":"summary_large_image","twitter_misc":{"Est. reading time":"3 minutos"},"schema":{"@context":"https:\/\/schema.org","@graph":[{"@type":"WebPage","@id":"https:\/\/www.fiolinjurylaw.com\/tampa-bed-bug-lawyer\/","url":"https:\/\/www.fiolinjurylaw.com\/tampa-bed-bug-lawyer\/","name":"Abogado de Tampa especializado en chinches de cama","isPartOf":{"@id":"https:\/\/www.fiolinjurylaw.com\/#website"},"primaryImageOfPage":{"@id":"https:\/\/www.fiolinjurylaw.com\/tampa-bed-bug-lawyer\/#primaryimage"},"image":{"@id":"https:\/\/www.fiolinjurylaw.com\/tampa-bed-bug-lawyer\/#primaryimage"},"thumbnailUrl":"https:\/\/www.fiolinjurylaw.com\/wp-content\/uploads\/2025\/12\/Tampa-T-Bone-Accident-Lawyer.webp","datePublished":"2025-10-22T04:29:22+00:00","dateModified":"2026-04-08T16:54:42+00:00","description":"Bed bug attorney from Fiol & Morros Law Group are ready and willing to help in the event of a bed bug claim. Reach out to our lawyers today.","breadcrumb":{"@id":"https:\/\/www.fiolinjurylaw.com\/tampa-bed-bug-lawyer\/#breadcrumb"},"inLanguage":"es","potentialAction":[{"@type":"ReadAction","target":["https:\/\/www.fiolinjurylaw.com\/tampa-bed-bug-lawyer\/"]}]},{"@type":"ImageObject","inLanguage":"es","@id":"https:\/\/www.fiolinjurylaw.com\/tampa-bed-bug-lawyer\/#primaryimage","url":"https:\/\/www.fiolinjurylaw.com\/wp-content\/uploads\/2025\/12\/Tampa-T-Bone-Accident-Lawyer.webp","contentUrl":"https:\/\/www.fiolinjurylaw.com\/wp-content\/uploads\/2025\/12\/Tampa-T-Bone-Accident-Lawyer.webp"},{"@type":"BreadcrumbList","@id":"https:\/\/www.fiolinjurylaw.com\/tampa-bed-bug-lawyer\/#breadcrumb","itemListElement":[{"@type":"ListItem","position":1,"name":"Home","item":"https:\/\/www.fiolinjurylaw.com\/"},{"@type":"ListItem","position":2,"name":"Tampa Bed Bug Lawyer"}]},{"@type":"WebSite","@id":"https:\/\/www.fiolinjurylaw.com\/#website","url":"https:\/\/www.fiolinjurylaw.com\/","name":"Bufete Fiol &amp; Morros: Abogados especializados en accidentes y lesiones","description":"","potentialAction":[{"@type":"SearchAction","target":{"@type":"EntryPoint","urlTemplate":"https:\/\/www.fiolinjurylaw.com\/?s={search_term_string}"},"query-input":{"@type":"PropertyValueSpecification","valueRequired":true,"valueName":"search_term_string"}}],"inLanguage":"es"}]}},"_links":{"self":[{"href":"https:\/\/www.fiolinjurylaw.com\/es\/wp-json\/wp\/v2\/pages\/917","targetHints":{"allow":["GET"]}}],"collection":[{"href":"https:\/\/www.fiolinjurylaw.com\/es\/wp-json\/wp\/v2\/pages"}],"about":[{"href":"https:\/\/www.fiolinjurylaw.com\/es\/wp-json\/wp\/v2\/types\/page"}],"author":[{"embeddable":true,"href":"https:\/\/www.fiolinjurylaw.com\/es\/wp-json\/wp\/v2\/users\/5"}],"replies":[{"embeddable":true,"href":"https:\/\/www.fiolinjurylaw.com\/es\/wp-json\/wp\/v2\/comments?post=917"}],"version-history":[{"count":0,"href":"https:\/\/www.fiolinjurylaw.com\/es\/wp-json\/wp\/v2\/pages\/917\/revisions"}],"wp:attachment":[{"href":"https:\/\/www.fiolinjurylaw.com\/es\/wp-json\/wp\/v2\/media?parent=917"}],"wp:term":[{"taxonomy":"category","embeddable":true,"href":"https:\/\/www.fiolinjurylaw.com\/es\/wp-json\/wp\/v2\/categories?post=917"},{"taxonomy":"post_tag","embeddable":true,"href":"https:\/\/www.fiolinjurylaw.com\/es\/wp-json\/wp\/v2\/tags?post=917"}],"curies":[{"name":"wp","href":"https:\/\/api.w.org\/{rel}","templated":true}]}}