{"id":942,"date":"2025-10-22T04:47:12","date_gmt":"2025-10-22T04:47:12","guid":{"rendered":"https:\/\/fiolinjurylaw.wpenginepowered.com\/?page_id=942"},"modified":"2026-04-08T13:02:07","modified_gmt":"2026-04-08T17:02:07","slug":"tampa-daycare-injury-lawyer","status":"publish","type":"page","link":"https:\/\/www.fiolinjurylaw.com\/es\/tampa-daycare-injury-lawyer\/","title":{"rendered":"Abogado de Tampa especializado en lesiones y negligencia en guarder\u00edas"},"content":{"rendered":"<p>Una de las experiencias m\u00e1s desgarradoras que puede vivir un padre es recibir una llamada inform\u00e1ndole que su hijo ha sufrido una lesi\u00f3n en la guarder\u00eda. Los padres depositan su confianza en el personal y los propietarios de las guarder\u00edas, esperando que operen con los m\u00e1s altos est\u00e1ndares de cuidado para garantizar la seguridad de los ni\u00f1os. Desafortunadamente, la negligencia y el descuido provocan lesiones en guarder\u00edas en Tampa Bay cada a\u00f1o. Si su hijo result\u00f3 herido debido a condiciones insalubres, supervisi\u00f3n inadecuada o instalaciones inseguras en una guarder\u00eda, usted tiene derechos como padre.<\/p>\n\n\n\n<div id=\"ez-toc-container\" class=\"ez-toc-v2_0_82_2 counter-hierarchy ez-toc-counter ez-toc-grey ez-toc-container-direction\">\n<div class=\"ez-toc-title-container\">\n<p class=\"ez-toc-title\" style=\"cursor:inherit\">Tabla de contenidos<\/p>\n<span class=\"ez-toc-title-toggle\"><a href=\"#\" class=\"ez-toc-pull-right ez-toc-btn ez-toc-btn-xs ez-toc-btn-default ez-toc-toggle\" aria-label=\"Alternar tabla de contenido\"><span class=\"ez-toc-js-icon-con\"><span class=\"\"><span class=\"eztoc-hide\" style=\"display:none;\">Palanca<\/span><span class=\"ez-toc-icon-toggle-span\"><svg style=\"fill: #999;color:#999\" xmlns=\"http:\/\/www.w3.org\/2000\/svg\" class=\"list-377408\" width=\"20px\" height=\"20px\" viewbox=\"0 0 24 24\" fill=\"none\"><path d=\"M6 6H4v2h2V6zm14 0H8v2h12V6zM4 11h2v2H4v-2zm16 0H8v2h12v-2zM4 16h2v2H4v-2zm16 0H8v2h12v-2z\" fill=\"currentColor\"><\/path><\/svg><svg style=\"fill: #999;color:#999\" class=\"arrow-unsorted-368013\" xmlns=\"http:\/\/www.w3.org\/2000\/svg\" width=\"10px\" height=\"10px\" viewbox=\"0 0 24 24\" version=\"1.2\" baseprofile=\"tiny\"><path d=\"M18.2 9.3l-6.2-6.3-6.2 6.3c-.2.2-.3.4-.3.7s.1.5.3.7c.2.2.4.3.7.3h11c.3 0 .5-.1.7-.3.2-.2.3-.5.3-.7s-.1-.5-.3-.7zM5.8 14.7l6.2 6.3 6.2-6.3c.2-.2.3-.5.3-.7s-.1-.5-.3-.7c-.2-.2-.4-.3-.7-.3h-11c-.3 0-.5.1-.7.3-.2.2-.3.5-.3.7s.1.5.3.7z\"\/><\/svg><\/span><\/span><\/span><\/a><\/span><\/div>\n<nav><ul class='ez-toc-list ez-toc-list-level-1 eztoc-toggle-hide-by-default' ><li class='ez-toc-page-1 ez-toc-heading-level-2'><a class=\"ez-toc-link ez-toc-heading-1\" href=\"https:\/\/www.fiolinjurylaw.com\/es\/tampa-daycare-injury-lawyer\/#Frequent_Causes_of_Daycare_Injuries\" >Causas frecuentes de lesiones en guarder\u00edas<\/a><\/li><li class='ez-toc-page-1 ez-toc-heading-level-2'><a class=\"ez-toc-link ez-toc-heading-2\" href=\"https:\/\/www.fiolinjurylaw.com\/es\/tampa-daycare-injury-lawyer\/#Who_Is_Responsible_for_Daycare_Injuries\" >\u00bfQui\u00e9n es responsable de las lesiones en las guarder\u00edas?<\/a><\/li><li class='ez-toc-page-1 ez-toc-heading-level-2'><a class=\"ez-toc-link ez-toc-heading-3\" href=\"https:\/\/www.fiolinjurylaw.com\/es\/tampa-daycare-injury-lawyer\/#Contact_a_Tampa_Daycare_Injury_Lawyer_Today\" >Contacte hoy mismo con un abogado especializado en lesiones en guarder\u00edas de Tampa.<\/a><\/li><\/ul><\/nav><\/div>\n<h2 class=\"wp-block-heading\"><span class=\"ez-toc-section\" id=\"Frequent_Causes_of_Daycare_Injuries\"><\/span>Causas frecuentes de lesiones en guarder\u00edas<span class=\"ez-toc-section-end\"><\/span><\/h2>\n\n\n\n<p>Al recibir la noticia de que un ni\u00f1o se ha lastimado en la guarder\u00eda, la primera reacci\u00f3n de la mayor\u00eda de los padres es preguntarse a qui\u00e9n culpar. Si bien no todas las lesiones en guarder\u00edas se deben a la negligencia de otra persona, muchos incidentes s\u00ed tienen un responsable. El personal descuidado o una mala gesti\u00f3n de las instalaciones pueden f\u00e1cilmente provocar lesiones. <a href=\"https:\/\/www.fiolinjurylaw.com\/es\/a-crisis-in-daycare-facilities-the-tragedy-of-childrens-innocence\/\">ni\u00f1os<\/a> y demandas. Nuestros <a href=\"https:\/\/www.fiolinjurylaw.com\/es\/tampa-personal-injury-lawyer\/\">abogados de lesiones en Tampa<\/a> Comprender los riesgos comunes para los ni\u00f1os en las guarder\u00edas. Estos incluyen:<\/p>\n\n\n\n<ul class=\"wp-block-list\">\n<li>Equipos de juegos infantiles defectuosos<\/li>\n\n\n\n<li>Acceso a escaleras o a objetos\/materiales peligrosos.<\/li>\n\n\n\n<li>Acceso sin supervisi\u00f3n a las piscinas<\/li>\n\n\n\n<li>Falta de supervisi\u00f3n<\/li>\n\n\n\n<li>Proporci\u00f3n inadecuada entre cuidador y ni\u00f1o<\/li>\n\n\n\n<li>Miembros del personal abusivos<\/li>\n\n\n\n<li>Condiciones insalubres<\/li>\n\n\n\n<li>Obst\u00e1culos que provocan tropiezos y ca\u00eddas<\/li>\n\n\n\n<li>Intoxicaci\u00f3n alimentaria<\/li>\n\n\n\n<li>Edificios inseguros<\/li>\n\n\n\n<li>Muebles peligrosos<\/li>\n\n\n\n<li>Juguetes con piezas peque\u00f1as<\/li>\n\n\n\n<li>Tomas de corriente sin tapa<\/li>\n\n\n\n<li>Retraso en la atenci\u00f3n m\u00e9dica<\/li>\n<\/ul>\n\n\n\n<p>La negligencia del personal y de los due\u00f1os de guarder\u00edas suele provocar lesiones en los centros infantiles. Los est\u00e1ndares de atenci\u00f3n son muy estrictos. Todas las guarder\u00edas en Tampa Bay deben cumplir con normas, reglamentos y c\u00f3digos de seguridad rigurosos para garantizar la seguridad de los ni\u00f1os peque\u00f1os. El incumplimiento de los est\u00e1ndares de atenci\u00f3n en una guarder\u00eda puede f\u00e1cilmente provocar lesiones infantiles graves y traum\u00e1ticas.<\/p>\n\n\n\n<p>En un centro de cuidado infantil inseguro, los ni\u00f1os pueden sufrir <a href=\"\/es\/practice-areas\/premises-liability\/slip-and-falls\/\">lesiones por resbalones y ca\u00eddas<\/a>, electrocuci\u00f3n, <a href=\"https:\/\/www.fiolinjurylaw.com\/es\/practice-areas\/tampa-burn-injury-attorney\/\">quemaduras<\/a>, Envenenamiento, abuso, negligencia y un sinf\u00edn de otras lesiones devastadoras, todo por la negligencia de otra persona. Por suerte, la ley de Florida otorga a los padres el derecho a demandar a las guarder\u00edas negligentes ante los tribunales civiles.<\/p>\n\n\n\n<h2 class=\"wp-block-heading\"><span class=\"ez-toc-section\" id=\"Who_Is_Responsible_for_Daycare_Injuries\"><\/span>\u00bfQui\u00e9n es responsable de las lesiones en las guarder\u00edas?<span class=\"ez-toc-section-end\"><\/span><\/h2>\n\n\n\n<p>Si la lesi\u00f3n de su hijo se debi\u00f3 a negligencia, usted podr\u00eda tener derecho a una indemnizaci\u00f3n por gastos m\u00e9dicos, dolor y sufrimiento, y angustia emocional. No permita que una exenci\u00f3n de responsabilidad le haga creer que renuncia a su derecho a presentar una demanda contra la guarder\u00eda. Estas exenciones a menudo no son v\u00e1lidas en demandas por lesiones en guarder\u00edas, ya que no protegen a la guarder\u00eda de la responsabilidad en casos donde la lesi\u00f3n fue causada por negligencia.<\/p>\n\n\n\n<p>Cuando un miembro del personal causa lesiones, por ejemplo, mediante comportamientos abusivos o falta de supervisi\u00f3n de los ni\u00f1os, los padres de la v\u00edctima pueden demandarlo por negligencia. Sin embargo, si la guarder\u00eda es responsable, los padres pueden demandarla directamente. Una guarder\u00eda puede ser responsable de las lesiones infantiles si tiene pr\u00e1cticas negligentes de contrataci\u00f3n, capacitaci\u00f3n o retenci\u00f3n de personal. Por ejemplo, mantener en su puesto a un empleado con antecedentes de intoxicaci\u00f3n en el trabajo puede generar responsabilidad si, estando intoxicado, un ni\u00f1o es atropellado por un veh\u00edculo.<\/p>\n\n\n\n<h2 class=\"wp-block-heading\"><span class=\"ez-toc-section\" id=\"Contact_a_Tampa_Daycare_Injury_Lawyer_Today\"><\/span>Contacte hoy mismo con un abogado especializado en lesiones en guarder\u00edas de Tampa.<span class=\"ez-toc-section-end\"><\/span><\/h2>\n\n\n\n<p>Para obtener ayuda legal para asignar culpa y probar responsabilidad en los tribunales de Tampa Bay por la lesi\u00f3n de su hijo en la guarder\u00eda, comun\u00edquese con Fiol &amp; Morros Law Group. Utilice nuestra consulta inicial gratuita para discutir su caso con un abogado experimentado y apasionado por las lesiones en guarder\u00edas. <a href=\"\/es\/practice-areas\/premises-liability\/\">abogado de responsabilidad civil por accidentes en propiedades en Tampa<\/a>. Le informaremos si creemos que tiene un caso de lesiones personales o responsabilidad civil por las instalaciones contra la guarder\u00eda o un empleado, y le ayudaremos con el proceso de reclamaci\u00f3n si corresponde. Ning\u00fan ni\u00f1o deber\u00eda sufrir una lesi\u00f3n en la guarder\u00eda en silencio. Sea el defensor de su hijo en la lucha contra la negligencia y d\u00e9 el primer paso hacia la justicia hoy mismo. Llame. <a href=\"tel:+1-813-223-6773\">(813) 223-6773<\/a>.<\/p>","protected":false},"excerpt":{"rendered":"<p>One of the most gut-wrenching experiences you can go through as a parent is receiving a phone call that your child has suffered an injury at daycare. Parents put their faith in the staff and owners of daycare facilities, trusting that they will operate according to the highest standards of care to ensure the safety [&hellip;]<\/p>\n","protected":false},"author":5,"featured_media":0,"parent":0,"menu_order":8,"comment_status":"closed","ping_status":"closed","template":"","meta":{"_acf_changed":false,"inline_featured_image":false,"footnotes":""},"categories":[],"tags":[16],"class_list":["post-942","page","type-page","status-publish","hentry","tag-practice-area"],"acf":[],"yoast_head":"<!-- This site is optimized with the Yoast SEO plugin v27.4 - https:\/\/yoast.com\/product\/yoast-seo-wordpress\/ -->\n<title>Tampa Daycare Injury and Negligence Lawyer<\/title>\n<meta name=\"description\" content=\"For legal help assigning fault and proving liability in the Tampa Bay courts for your child\u2019s daycare injury, contact Fiol &amp; Morros Law Group.\" \/>\n<meta name=\"robots\" content=\"index, follow, max-snippet:-1, max-image-preview:large, max-video-preview:-1\" \/>\n<link rel=\"canonical\" href=\"https:\/\/www.fiolinjurylaw.com\/es\/tampa-daycare-injury-lawyer\/\" \/>\n<meta property=\"og:locale\" content=\"es_ES\" \/>\n<meta property=\"og:type\" content=\"article\" \/>\n<meta property=\"og:title\" content=\"Tampa Daycare Injury and Negligence Lawyer\" \/>\n<meta property=\"og:description\" content=\"For legal help assigning fault and proving liability in the Tampa Bay courts for your child\u2019s daycare injury, contact Fiol &amp; Morros Law Group.\" \/>\n<meta property=\"og:url\" content=\"https:\/\/www.fiolinjurylaw.com\/es\/tampa-daycare-injury-lawyer\/\" \/>\n<meta property=\"og:site_name\" content=\"Fiol &amp; Morros Law Group: Accident &amp; Injury Lawyers\" \/>\n<meta property=\"article:modified_time\" content=\"2026-04-08T17:02:07+00:00\" \/>\n<meta name=\"twitter:card\" content=\"summary_large_image\" \/>\n<meta name=\"twitter:label1\" content=\"Est. reading time\" \/>\n\t<meta name=\"twitter:data1\" content=\"3 minutos\" \/>\n<script type=\"application\/ld+json\" class=\"yoast-schema-graph\">{\"@context\":\"https:\\\/\\\/schema.org\",\"@graph\":[{\"@type\":\"WebPage\",\"@id\":\"https:\\\/\\\/www.fiolinjurylaw.com\\\/tampa-daycare-injury-lawyer\\\/\",\"url\":\"https:\\\/\\\/www.fiolinjurylaw.com\\\/tampa-daycare-injury-lawyer\\\/\",\"name\":\"Tampa Daycare Injury and Negligence Lawyer\",\"isPartOf\":{\"@id\":\"https:\\\/\\\/www.fiolinjurylaw.com\\\/#website\"},\"datePublished\":\"2025-10-22T04:47:12+00:00\",\"dateModified\":\"2026-04-08T17:02:07+00:00\",\"description\":\"For legal help assigning fault and proving liability in the Tampa Bay courts for your child\u2019s daycare injury, contact Fiol & Morros Law Group.\",\"breadcrumb\":{\"@id\":\"https:\\\/\\\/www.fiolinjurylaw.com\\\/tampa-daycare-injury-lawyer\\\/#breadcrumb\"},\"inLanguage\":\"es\",\"potentialAction\":[{\"@type\":\"ReadAction\",\"target\":[\"https:\\\/\\\/www.fiolinjurylaw.com\\\/tampa-daycare-injury-lawyer\\\/\"]}]},{\"@type\":\"BreadcrumbList\",\"@id\":\"https:\\\/\\\/www.fiolinjurylaw.com\\\/tampa-daycare-injury-lawyer\\\/#breadcrumb\",\"itemListElement\":[{\"@type\":\"ListItem\",\"position\":1,\"name\":\"Home\",\"item\":\"https:\\\/\\\/www.fiolinjurylaw.com\\\/\"},{\"@type\":\"ListItem\",\"position\":2,\"name\":\"Tampa Daycare Injury and Negligence Lawyer\"}]},{\"@type\":\"WebSite\",\"@id\":\"https:\\\/\\\/www.fiolinjurylaw.com\\\/#website\",\"url\":\"https:\\\/\\\/www.fiolinjurylaw.com\\\/\",\"name\":\"Fiol &amp; Morros Law Group: Accident &amp; Injury Lawyers\",\"description\":\"\",\"potentialAction\":[{\"@type\":\"SearchAction\",\"target\":{\"@type\":\"EntryPoint\",\"urlTemplate\":\"https:\\\/\\\/www.fiolinjurylaw.com\\\/?s={search_term_string}\"},\"query-input\":{\"@type\":\"PropertyValueSpecification\",\"valueRequired\":true,\"valueName\":\"search_term_string\"}}],\"inLanguage\":\"es\"}]}<\/script>\n<!-- \/ Yoast SEO plugin. -->","yoast_head_json":{"title":"Abogado de Tampa especializado en lesiones y negligencia en guarder\u00edas","description":"For legal help assigning fault and proving liability in the Tampa Bay courts for your child\u2019s daycare injury, contact Fiol & Morros Law Group.","robots":{"index":"index","follow":"follow","max-snippet":"max-snippet:-1","max-image-preview":"max-image-preview:large","max-video-preview":"max-video-preview:-1"},"canonical":"https:\/\/www.fiolinjurylaw.com\/es\/tampa-daycare-injury-lawyer\/","og_locale":"es_ES","og_type":"article","og_title":"Tampa Daycare Injury and Negligence Lawyer","og_description":"For legal help assigning fault and proving liability in the Tampa Bay courts for your child\u2019s daycare injury, contact Fiol & Morros Law Group.","og_url":"https:\/\/www.fiolinjurylaw.com\/es\/tampa-daycare-injury-lawyer\/","og_site_name":"Fiol &amp; Morros Law Group: Accident &amp; Injury Lawyers","article_modified_time":"2026-04-08T17:02:07+00:00","twitter_card":"summary_large_image","twitter_misc":{"Est. reading time":"3 minutos"},"schema":{"@context":"https:\/\/schema.org","@graph":[{"@type":"WebPage","@id":"https:\/\/www.fiolinjurylaw.com\/tampa-daycare-injury-lawyer\/","url":"https:\/\/www.fiolinjurylaw.com\/tampa-daycare-injury-lawyer\/","name":"Abogado de Tampa especializado en lesiones y negligencia en guarder\u00edas","isPartOf":{"@id":"https:\/\/www.fiolinjurylaw.com\/#website"},"datePublished":"2025-10-22T04:47:12+00:00","dateModified":"2026-04-08T17:02:07+00:00","description":"For legal help assigning fault and proving liability in the Tampa Bay courts for your child\u2019s daycare injury, contact Fiol & Morros Law Group.","breadcrumb":{"@id":"https:\/\/www.fiolinjurylaw.com\/tampa-daycare-injury-lawyer\/#breadcrumb"},"inLanguage":"es","potentialAction":[{"@type":"ReadAction","target":["https:\/\/www.fiolinjurylaw.com\/tampa-daycare-injury-lawyer\/"]}]},{"@type":"BreadcrumbList","@id":"https:\/\/www.fiolinjurylaw.com\/tampa-daycare-injury-lawyer\/#breadcrumb","itemListElement":[{"@type":"ListItem","position":1,"name":"Home","item":"https:\/\/www.fiolinjurylaw.com\/"},{"@type":"ListItem","position":2,"name":"Tampa Daycare Injury and Negligence Lawyer"}]},{"@type":"WebSite","@id":"https:\/\/www.fiolinjurylaw.com\/#website","url":"https:\/\/www.fiolinjurylaw.com\/","name":"Bufete Fiol &amp; Morros: Abogados especializados en accidentes y lesiones","description":"","potentialAction":[{"@type":"SearchAction","target":{"@type":"EntryPoint","urlTemplate":"https:\/\/www.fiolinjurylaw.com\/?s={search_term_string}"},"query-input":{"@type":"PropertyValueSpecification","valueRequired":true,"valueName":"search_term_string"}}],"inLanguage":"es"}]}},"_links":{"self":[{"href":"https:\/\/www.fiolinjurylaw.com\/es\/wp-json\/wp\/v2\/pages\/942","targetHints":{"allow":["GET"]}}],"collection":[{"href":"https:\/\/www.fiolinjurylaw.com\/es\/wp-json\/wp\/v2\/pages"}],"about":[{"href":"https:\/\/www.fiolinjurylaw.com\/es\/wp-json\/wp\/v2\/types\/page"}],"author":[{"embeddable":true,"href":"https:\/\/www.fiolinjurylaw.com\/es\/wp-json\/wp\/v2\/users\/5"}],"replies":[{"embeddable":true,"href":"https:\/\/www.fiolinjurylaw.com\/es\/wp-json\/wp\/v2\/comments?post=942"}],"version-history":[{"count":0,"href":"https:\/\/www.fiolinjurylaw.com\/es\/wp-json\/wp\/v2\/pages\/942\/revisions"}],"wp:attachment":[{"href":"https:\/\/www.fiolinjurylaw.com\/es\/wp-json\/wp\/v2\/media?parent=942"}],"wp:term":[{"taxonomy":"category","embeddable":true,"href":"https:\/\/www.fiolinjurylaw.com\/es\/wp-json\/wp\/v2\/categories?post=942"},{"taxonomy":"post_tag","embeddable":true,"href":"https:\/\/www.fiolinjurylaw.com\/es\/wp-json\/wp\/v2\/tags?post=942"}],"curies":[{"name":"wp","href":"https:\/\/api.w.org\/{rel}","templated":true}]}}