{"id":958,"date":"2025-10-22T05:02:59","date_gmt":"2025-10-22T05:02:59","guid":{"rendered":"https:\/\/fiolinjurylaw.wpenginepowered.com\/?page_id=958"},"modified":"2026-04-09T01:48:10","modified_gmt":"2026-04-09T05:48:10","slug":"tampa-power-plant-accident-lawyer","status":"publish","type":"page","link":"https:\/\/www.fiolinjurylaw.com\/es\/tampa-power-plant-accident-lawyer\/","title":{"rendered":"Abogado especializado en accidentes en centrales el\u00e9ctricas de Tampa"},"content":{"rendered":"<p>El verano pasado, varios trabajadores resultaron heridos y cuatro fallecieron a consecuencia de una explosi\u00f3n que sacudi\u00f3 la central el\u00e9ctrica Big Bend de Tampa Electric, ubicada en Apollo Beach. El accidente ocurri\u00f3 mientras los trabajadores intentaban limpiar la escoria fundida de un tanque obstruido. La escoria sali\u00f3 disparada del tanque, causando la muerte y heridas a los operarios.<\/p>\n\n\n\n<p>Antes del accidente, la planta se enfrentaba a una <a href=\"https:\/\/www.osha.gov\/pls\/imis\/establishment.inspection_detail?id=1237417.015\" target=\"_blank\" rel=\"noreferrer noopener\">investigaci\u00f3n<\/a> La Administraci\u00f3n de Seguridad y Salud Ocupacional (OSHA) inici\u00f3 una investigaci\u00f3n debido a varios incidentes. Entre ellos, una explosi\u00f3n ocurrida hace veinte a\u00f1os que dej\u00f3 varios trabajadores heridos o con quemaduras, y otros dos incidentes en 1999 y 2014 que causaron la muerte de varios empleados por causas similares. La investigaci\u00f3n a\u00fan no ha concluido.<\/p>\n\n\n\n<p>Se ha proporcionado muy poca informaci\u00f3n por parte de las empresas matrices de Tampa Electric, TECO y Erma Inc. Hasta el momento, las compa\u00f1\u00edas se han negado a divulgar mucha informaci\u00f3n sobre el incidente. Mientras tanto, Tampa Electric tiene un historial de contratar personal externo para realizar los procedimientos rutinarios de limpieza y mantenimiento de los equipos. Los dirigentes sindicales afirman que esto se hizo para ahorrar dinero y que, al contratar personal externo que no estaba familiarizado con los equipos ni con la ubicaci\u00f3n, expuso a sus empleados a mayores riesgos en la planta.<\/p>\n\n\n\n<div id=\"ez-toc-container\" class=\"ez-toc-v2_0_82_2 counter-hierarchy ez-toc-counter ez-toc-grey ez-toc-container-direction\">\n<div class=\"ez-toc-title-container\">\n<p class=\"ez-toc-title\" style=\"cursor:inherit\">Tabla de contenidos<\/p>\n<span class=\"ez-toc-title-toggle\"><a href=\"#\" class=\"ez-toc-pull-right ez-toc-btn ez-toc-btn-xs ez-toc-btn-default ez-toc-toggle\" aria-label=\"Alternar tabla de contenido\"><span class=\"ez-toc-js-icon-con\"><span class=\"\"><span class=\"eztoc-hide\" style=\"display:none;\">Palanca<\/span><span class=\"ez-toc-icon-toggle-span\"><svg style=\"fill: #999;color:#999\" xmlns=\"http:\/\/www.w3.org\/2000\/svg\" class=\"list-377408\" width=\"20px\" height=\"20px\" viewbox=\"0 0 24 24\" fill=\"none\"><path d=\"M6 6H4v2h2V6zm14 0H8v2h12V6zM4 11h2v2H4v-2zm16 0H8v2h12v-2zM4 16h2v2H4v-2zm16 0H8v2h12v-2z\" fill=\"currentColor\"><\/path><\/svg><svg style=\"fill: #999;color:#999\" class=\"arrow-unsorted-368013\" xmlns=\"http:\/\/www.w3.org\/2000\/svg\" width=\"10px\" height=\"10px\" viewbox=\"0 0 24 24\" version=\"1.2\" baseprofile=\"tiny\"><path d=\"M18.2 9.3l-6.2-6.3-6.2 6.3c-.2.2-.3.4-.3.7s.1.5.3.7c.2.2.4.3.7.3h11c.3 0 .5-.1.7-.3.2-.2.3-.5.3-.7s-.1-.5-.3-.7zM5.8 14.7l6.2 6.3 6.2-6.3c.2-.2.3-.5.3-.7s-.1-.5-.3-.7c-.2-.2-.4-.3-.7-.3h-11c-.3 0-.5.1-.7.3-.2.2-.3.5-.3.7s.1.5.3.7z\"\/><\/svg><\/span><\/span><\/span><\/a><\/span><\/div>\n<nav><ul class='ez-toc-list ez-toc-list-level-1 eztoc-toggle-hide-by-default' ><li class='ez-toc-page-1 ez-toc-heading-level-2'><a class=\"ez-toc-link ez-toc-heading-1\" href=\"https:\/\/www.fiolinjurylaw.com\/es\/tampa-power-plant-accident-lawyer\/#Premises_Liability_Litigation\" >Litigios por responsabilidad de locales<\/a><\/li><li class='ez-toc-page-1 ez-toc-heading-level-2'><a class=\"ez-toc-link ez-toc-heading-2\" href=\"https:\/\/www.fiolinjurylaw.com\/es\/tampa-power-plant-accident-lawyer\/#Get_Experience_Help\" >Obt\u00e9n ayuda con la experiencia<\/a><\/li><li class='ez-toc-page-1 ez-toc-heading-level-2'><a class=\"ez-toc-link ez-toc-heading-3\" href=\"https:\/\/www.fiolinjurylaw.com\/es\/tampa-power-plant-accident-lawyer\/#Contact_a_Tampa_Power_Plant_Accident_Attorney_Today\" >Contacte hoy mismo con un abogado especializado en accidentes en centrales el\u00e9ctricas de Tampa.<\/a><\/li><\/ul><\/nav><\/div>\n<h2 class=\"wp-block-heading\"><span class=\"ez-toc-section\" id=\"Premises_Liability_Litigation\"><\/span>Litigios por responsabilidad de locales<span class=\"ez-toc-section-end\"><\/span><\/h2>\n\n\n\n<p>Las v\u00edctimas y sus familiares sobrevivientes deben buscar asesor\u00eda legal al presentar demandas por lesiones personales. Este proceso, potencialmente complejo, puede tardar muchos a\u00f1os en resolverse, por lo que contar con el mejor equipo legal posible puede acelerar el proceso.<\/p>\n\n\n\n<p>Otras empresas se han enfrentado a litigios como resultado de accidentes que causaron lesiones o la muerte de trabajadores y sirven de ejemplo de lo que las v\u00edctimas y los seres queridos sobrevivientes pueden esperar enfrentar. Como ejemplo, la planta de Kleen Energy en Middletown, Connecticut. <a href=\"https:\/\/www.csb.gov\/kleen-energy-natural-gas-explosion\/\" target=\"_blank\" rel=\"noreferrer noopener\">experiment\u00f3 una explosi\u00f3n<\/a> En 2010, seis trabajadores fallecieron y aproximadamente 60 resultaron heridos mientras realizaban labores de limpieza de tuber\u00edas de gas natural. El gas alcanz\u00f3 una fuente de ignici\u00f3n y explot\u00f3. Durante el proceso de arbitraje, el \u00e1rbitro otorg\u00f3 casi 14.000 millones de d\u00f3lares a los empleados y sus familias, as\u00ed como una indemnizaci\u00f3n a los propietarios de viviendas de la zona por los da\u00f1os sufridos en sus propiedades, ya que la empresa contratada para realizar la limpieza y el mantenimiento era totalmente responsable.<\/p>\n\n\n\n<p>Aun con ese fallo, la compa\u00f1\u00eda de seguros se opuso, neg\u00e1ndose a pagar la indemnizaci\u00f3n ordenada con el argumento de que ella misma hab\u00eda incumplido el contrato de seguro. La batalla legal contin\u00faa hasta el d\u00eda de hoy.<\/p>\n\n\n\n<h2 class=\"wp-block-heading\"><span class=\"ez-toc-section\" id=\"Get_Experience_Help\"><\/span>Obt\u00e9n ayuda con la experiencia<span class=\"ez-toc-section-end\"><\/span><\/h2>\n\n\n\n<p>Si sufri\u00f3 una lesi\u00f3n mientras trabajaba en una obra o si es familiar de una persona fallecida en un accidente laboral, probablemente tenga derecho a una indemnizaci\u00f3n econ\u00f3mica, que podr\u00eda incluir el pago por la p\u00e9rdida de ingresos y otros gastos relacionados con la persona lesionada o fallecida, o para cubrir los gastos m\u00e9dicos o funerarios. El proceso puede ser largo, as\u00ed que comience con buen pie consultando con abogados con experiencia en reclamaciones por lesiones personales derivadas de accidentes o desastres laborales. Sus esfuerzos para presentar una demanda por lesiones personales o muerte por negligencia contra la empresa podr\u00edan revelar otras pr\u00e1cticas negligentes que ponen en riesgo a otros trabajadores que a\u00fan laboran en la obra.<\/p>\n\n\n\n<h2 class=\"wp-block-heading\"><span class=\"ez-toc-section\" id=\"Contact_a_Tampa_Power_Plant_Accident_Attorney_Today\"><\/span>Contacte hoy mismo con un abogado especializado en accidentes en centrales el\u00e9ctricas de Tampa.<span class=\"ez-toc-section-end\"><\/span><\/h2>\n\n\n\n<p>El <a href=\"https:\/\/www.fiolinjurylaw.com\/es\/tampa-personal-injury-lawyer\/\">Abogados de lesiones personales en Tampa<\/a> En Fiol &amp; Morros Law Group pueden ayudarle a comprender c\u00f3mo dicha empresa viol\u00f3 sus derechos o los de su familia fallecida. Pueden ayudarle a determinar la indemnizaci\u00f3n que le corresponde y c\u00f3mo presentar las reclamaciones correctamente. Para obtener m\u00e1s informaci\u00f3n o programar una consulta gratuita, cont\u00e1ctenos. <a href=\"https:\/\/www.fiolinjurylaw.com\/es\/contact\/\">contacto<\/a> Hoy, el bufete de abogados Fiol &amp; Morros.<\/p>\n\n\n\n<p><\/p>","protected":false},"excerpt":{"rendered":"<p>This past summer, multiple workers experienced injuries and four died as a result of an explosion that rocked Tampa Electric\u2019s Big Bend Power Station located in Apollo Beach. The accident occurred while the workers attempted to clear molten slag from a clogged tank. The slag erupted from the tank, killing and injuring the crew. Prior [&hellip;]<\/p>\n","protected":false},"author":4,"featured_media":0,"parent":0,"menu_order":29,"comment_status":"closed","ping_status":"closed","template":"","meta":{"_acf_changed":false,"inline_featured_image":false,"footnotes":""},"categories":[],"tags":[16],"class_list":["post-958","page","type-page","status-publish","hentry","tag-practice-area"],"acf":[],"yoast_head":"<!-- This site is optimized with the Yoast SEO plugin v27.3 - https:\/\/yoast.com\/product\/yoast-seo-wordpress\/ -->\n<title>Tampa Power Plant Accident Lawyer<\/title>\n<meta name=\"description\" content=\"The Tampa personal injury lawyers at Fiol &amp; Morros Law Group can help you understand just how such a company violated your rights or the rights of your deceased family.\u00a0For more information or to schedule a free consultation contact Fiol &amp; Morros Law Group today.\" \/>\n<meta name=\"robots\" content=\"index, follow, max-snippet:-1, max-image-preview:large, max-video-preview:-1\" \/>\n<link rel=\"canonical\" href=\"https:\/\/www.fiolinjurylaw.com\/es\/tampa-power-plant-accident-lawyer\/\" \/>\n<meta property=\"og:locale\" content=\"es_ES\" \/>\n<meta property=\"og:type\" content=\"article\" \/>\n<meta property=\"og:title\" content=\"Tampa Power Plant Accident Lawyer\" \/>\n<meta property=\"og:description\" content=\"The Tampa personal injury lawyers at Fiol &amp; Morros Law Group can help you understand just how such a company violated your rights or the rights of your deceased family.\u00a0For more information or to schedule a free consultation contact Fiol &amp; Morros Law Group today.\" \/>\n<meta property=\"og:url\" content=\"https:\/\/www.fiolinjurylaw.com\/es\/tampa-power-plant-accident-lawyer\/\" \/>\n<meta property=\"og:site_name\" content=\"Fiol &amp; Morros Law Group: Accident &amp; Injury Lawyers\" \/>\n<meta property=\"article:modified_time\" content=\"2026-04-09T05:48:10+00:00\" \/>\n<meta name=\"twitter:card\" content=\"summary_large_image\" \/>\n<meta name=\"twitter:label1\" content=\"Est. reading time\" \/>\n\t<meta name=\"twitter:data1\" content=\"3 minutos\" \/>\n<script type=\"application\/ld+json\" class=\"yoast-schema-graph\">{\"@context\":\"https:\\\/\\\/schema.org\",\"@graph\":[{\"@type\":\"WebPage\",\"@id\":\"https:\\\/\\\/www.fiolinjurylaw.com\\\/tampa-power-plant-accident-lawyer\\\/\",\"url\":\"https:\\\/\\\/www.fiolinjurylaw.com\\\/tampa-power-plant-accident-lawyer\\\/\",\"name\":\"Tampa Power Plant Accident Lawyer\",\"isPartOf\":{\"@id\":\"https:\\\/\\\/www.fiolinjurylaw.com\\\/#website\"},\"datePublished\":\"2025-10-22T05:02:59+00:00\",\"dateModified\":\"2026-04-09T05:48:10+00:00\",\"description\":\"The Tampa personal injury lawyers at Fiol & Morros Law Group can help you understand just how such a company violated your rights or the rights of your deceased family.\u00a0For more information or to schedule a free consultation contact Fiol & Morros Law Group today.\",\"breadcrumb\":{\"@id\":\"https:\\\/\\\/www.fiolinjurylaw.com\\\/tampa-power-plant-accident-lawyer\\\/#breadcrumb\"},\"inLanguage\":\"es\",\"potentialAction\":[{\"@type\":\"ReadAction\",\"target\":[\"https:\\\/\\\/www.fiolinjurylaw.com\\\/tampa-power-plant-accident-lawyer\\\/\"]}]},{\"@type\":\"BreadcrumbList\",\"@id\":\"https:\\\/\\\/www.fiolinjurylaw.com\\\/tampa-power-plant-accident-lawyer\\\/#breadcrumb\",\"itemListElement\":[{\"@type\":\"ListItem\",\"position\":1,\"name\":\"Home\",\"item\":\"https:\\\/\\\/www.fiolinjurylaw.com\\\/\"},{\"@type\":\"ListItem\",\"position\":2,\"name\":\"Tampa Power Plant Accident Lawyer\"}]},{\"@type\":\"WebSite\",\"@id\":\"https:\\\/\\\/www.fiolinjurylaw.com\\\/#website\",\"url\":\"https:\\\/\\\/www.fiolinjurylaw.com\\\/\",\"name\":\"Fiol &amp; Morros Law Group: Accident &amp; Injury Lawyers\",\"description\":\"\",\"potentialAction\":[{\"@type\":\"SearchAction\",\"target\":{\"@type\":\"EntryPoint\",\"urlTemplate\":\"https:\\\/\\\/www.fiolinjurylaw.com\\\/?s={search_term_string}\"},\"query-input\":{\"@type\":\"PropertyValueSpecification\",\"valueRequired\":true,\"valueName\":\"search_term_string\"}}],\"inLanguage\":\"es\"}]}<\/script>\n<!-- \/ Yoast SEO plugin. -->","yoast_head_json":{"title":"Abogado especializado en accidentes en centrales el\u00e9ctricas de Tampa","description":"The Tampa personal injury lawyers at Fiol & Morros Law Group can help you understand just how such a company violated your rights or the rights of your deceased family.\u00a0For more information or to schedule a free consultation contact Fiol & Morros Law Group today.","robots":{"index":"index","follow":"follow","max-snippet":"max-snippet:-1","max-image-preview":"max-image-preview:large","max-video-preview":"max-video-preview:-1"},"canonical":"https:\/\/www.fiolinjurylaw.com\/es\/tampa-power-plant-accident-lawyer\/","og_locale":"es_ES","og_type":"article","og_title":"Tampa Power Plant Accident Lawyer","og_description":"The Tampa personal injury lawyers at Fiol & Morros Law Group can help you understand just how such a company violated your rights or the rights of your deceased family.\u00a0For more information or to schedule a free consultation contact Fiol & Morros Law Group today.","og_url":"https:\/\/www.fiolinjurylaw.com\/es\/tampa-power-plant-accident-lawyer\/","og_site_name":"Fiol &amp; Morros Law Group: Accident &amp; Injury Lawyers","article_modified_time":"2026-04-09T05:48:10+00:00","twitter_card":"summary_large_image","twitter_misc":{"Est. reading time":"3 minutos"},"schema":{"@context":"https:\/\/schema.org","@graph":[{"@type":"WebPage","@id":"https:\/\/www.fiolinjurylaw.com\/tampa-power-plant-accident-lawyer\/","url":"https:\/\/www.fiolinjurylaw.com\/tampa-power-plant-accident-lawyer\/","name":"Abogado especializado en accidentes en centrales el\u00e9ctricas de Tampa","isPartOf":{"@id":"https:\/\/www.fiolinjurylaw.com\/#website"},"datePublished":"2025-10-22T05:02:59+00:00","dateModified":"2026-04-09T05:48:10+00:00","description":"The Tampa personal injury lawyers at Fiol & Morros Law Group can help you understand just how such a company violated your rights or the rights of your deceased family.\u00a0For more information or to schedule a free consultation contact Fiol & Morros Law Group today.","breadcrumb":{"@id":"https:\/\/www.fiolinjurylaw.com\/tampa-power-plant-accident-lawyer\/#breadcrumb"},"inLanguage":"es","potentialAction":[{"@type":"ReadAction","target":["https:\/\/www.fiolinjurylaw.com\/tampa-power-plant-accident-lawyer\/"]}]},{"@type":"BreadcrumbList","@id":"https:\/\/www.fiolinjurylaw.com\/tampa-power-plant-accident-lawyer\/#breadcrumb","itemListElement":[{"@type":"ListItem","position":1,"name":"Home","item":"https:\/\/www.fiolinjurylaw.com\/"},{"@type":"ListItem","position":2,"name":"Tampa Power Plant Accident Lawyer"}]},{"@type":"WebSite","@id":"https:\/\/www.fiolinjurylaw.com\/#website","url":"https:\/\/www.fiolinjurylaw.com\/","name":"Bufete Fiol &amp; Morros: Abogados especializados en accidentes y lesiones","description":"","potentialAction":[{"@type":"SearchAction","target":{"@type":"EntryPoint","urlTemplate":"https:\/\/www.fiolinjurylaw.com\/?s={search_term_string}"},"query-input":{"@type":"PropertyValueSpecification","valueRequired":true,"valueName":"search_term_string"}}],"inLanguage":"es"}]}},"_links":{"self":[{"href":"https:\/\/www.fiolinjurylaw.com\/es\/wp-json\/wp\/v2\/pages\/958","targetHints":{"allow":["GET"]}}],"collection":[{"href":"https:\/\/www.fiolinjurylaw.com\/es\/wp-json\/wp\/v2\/pages"}],"about":[{"href":"https:\/\/www.fiolinjurylaw.com\/es\/wp-json\/wp\/v2\/types\/page"}],"author":[{"embeddable":true,"href":"https:\/\/www.fiolinjurylaw.com\/es\/wp-json\/wp\/v2\/users\/4"}],"replies":[{"embeddable":true,"href":"https:\/\/www.fiolinjurylaw.com\/es\/wp-json\/wp\/v2\/comments?post=958"}],"version-history":[{"count":0,"href":"https:\/\/www.fiolinjurylaw.com\/es\/wp-json\/wp\/v2\/pages\/958\/revisions"}],"wp:attachment":[{"href":"https:\/\/www.fiolinjurylaw.com\/es\/wp-json\/wp\/v2\/media?parent=958"}],"wp:term":[{"taxonomy":"category","embeddable":true,"href":"https:\/\/www.fiolinjurylaw.com\/es\/wp-json\/wp\/v2\/categories?post=958"},{"taxonomy":"post_tag","embeddable":true,"href":"https:\/\/www.fiolinjurylaw.com\/es\/wp-json\/wp\/v2\/tags?post=958"}],"curies":[{"name":"wp","href":"https:\/\/api.w.org\/{rel}","templated":true}]}}